{"id":1200,"date":"2023-04-28T11:30:48","date_gmt":"2023-04-28T16:30:48","guid":{"rendered":"https:\/\/www.taritoursperu.com\/?page_id=1200"},"modified":"2025-03-31T19:20:12","modified_gmt":"2025-04-01T00:20:12","slug":"terminos-y-condiciones","status":"publish","type":"page","link":"https:\/\/highlandingtravel.com\/en\/terminos-y-condiciones\/","title":{"rendered":"Terms and Conditions"},"content":{"rendered":"<div data-elementor-type=\"wp-page\" data-elementor-id=\"1200\" class=\"elementor elementor-1200\" data-elementor-post-type=\"page\">\n\t\t\t\t<div data-particle_enable=\"false\" data-particle-mobile-disabled=\"false\" class=\"elementor-element elementor-element-dd6f5dd e-flex e-con-boxed e-con e-parent\" data-id=\"dd6f5dd\" data-element_type=\"container\" data-settings=\"{&quot;ekit_has_onepagescroll_dot&quot;:&quot;yes&quot;}\">\n\t\t\t\t\t<div class=\"e-con-inner\">\n\t\t\t\t<div class=\"elementor-element elementor-element-60373b6 uael-heading-align-center elementor-widget elementor-widget-uael-advanced-heading\" data-id=\"60373b6\" data-element_type=\"widget\" data-settings=\"{&quot;ekit_we_effect_on&quot;:&quot;none&quot;}\" data-widget_type=\"uael-advanced-heading.default\">\n\t\t\t\t<div class=\"elementor-widget-container\">\n\t\t\t\t\t\n\t\t<div class=\"uael-module-content uael-heading-wrapper\">\n\t\t\t\t\t\t\n\t\t\t<h1 class=\"uael-heading\">\n\t\t\t\t\t\t\t\t\t\t<span class=\"uael-heading-text elementor-inline-editing uael-size--default\" data-elementor-setting-key=\"heading_title\" data-elementor-inline-editing-toolbar=\"basic\">Terms and Conditions<\/span>\n\t\t\t\t\t\t\t<\/h1>\n\n\t\t\t\n\t\t\t\n\t\t\t\n\t\t\t\t\t\t\t<div class=\"uael-module-content uael-separator-parent\">\n\t\t\t\t\t\t\t\t<div class=\"uael-separator-wrap\">\n\t\t\t\t\t<div class=\"uael-separator-line uael-side-left\">\n\t\t\t\t\t\t<span><\/span>\n\t\t\t\t\t<\/div>\n\t\t\t\t\t<div class=\"uael-divider-content\">\n\t\t\t\t\t\t\t\t\t<div class=\"uael-module-content uael-imgicon-wrap elementor-animation-\">\t\t\t\t\t\t\t\t\t\t\t\t\t\t\t<div class=\"uael-icon-wrap\">\n\t\t\t\t\t\t\t\t<span class=\"uael-icon\">\n\t\t\t\t\t\t\t\t\t<i aria-hidden=\"true\" class=\"fa fa-star\"><\/i>\n\t\t\t\t\t\t\t\t<\/span>\n\t\t\t\t\t\t\t<\/div>\n\t\t\t\t\t\t\t\n\t\t\t\t\t\t\t\t\t\t\t<\/div>\n\t\t\t\t\t\t\t\t\t\n\t\t\t\t\t<\/div>\n\t\t\t\t\t<div class=\"uael-separator-line uael-side-right\">\n\t\t\t\t\t\t<span><\/span>\n\t\t\t\t\t<\/div>\n\t\t\t\t<\/div>\n\t\t\t\t\t\t\t\t\t\t<\/div>\n\t\t\t\t\t<\/div>\n\t\t\t\t\t\t<\/div>\n\t\t\t\t<\/div>\n\t\t\t\t\t<\/div>\n\t\t\t\t<\/div>\n\t\t<div data-particle_enable=\"false\" data-particle-mobile-disabled=\"false\" class=\"elementor-element elementor-element-be346e5 e-flex e-con-boxed e-con e-parent\" data-id=\"be346e5\" data-element_type=\"container\" data-settings=\"{&quot;ekit_has_onepagescroll_dot&quot;:&quot;yes&quot;}\">\n\t\t\t\t\t<div class=\"e-con-inner\">\n\t\t\t\t<div class=\"elementor-element elementor-element-f3cd6a0 elementor-widget elementor-widget-text-editor\" data-id=\"f3cd6a0\" data-element_type=\"widget\" data-settings=\"{&quot;ekit_we_effect_on&quot;:&quot;none&quot;}\" data-widget_type=\"text-editor.default\">\n\t\t\t\t<div class=\"elementor-widget-container\">\n\t\t\t\t\t\t\t\t\t<h3><span style=\"color: #d9983a;\">1. CANCELLATIONS<\/span><\/h3><h4><span style=\"color: #d9983a;\">30-DAY CANCELLATION \u2013 6 DAYS AFTER TRIP IS CONFIRMED<\/span><\/h4><h4><span style=\"color: #d9983a;\">OPERATING, TICKETS, AND TRAIN EXPENSES<\/span><\/h4><ul><li>A cancellation request received 30 days prior to your trip or 05 days or more after confirmation has been sent will be subject to an operating expense penalty of US$$ 45.00 per person.<\/li><li>There is a full penalty for entry to Wayna Picchu, Machu Picchu Mountain, and Machu Picchu, so there are no refunds for these expenses. These are policies established by the Ministry of Culture.<\/li><li>Train tickets also have an additional penalty of 15% of the original ticket value; these are policies established by INCA RAIL and PERU RAIL.<\/li><li>Hotel reservations are subject to the hotel&#039;s own policies.<\/li><\/ul><h4><span style=\"color: #d9983a;\">CANCELLATION LESS THAN 30 DAYS IN ADVANCE \u2013 4 DAYS AFTER TRIP IS CONFIRMED<\/span><\/h4><h5><span style=\"color: #d9983a;\">OPERATING, TICKETS, AND TRAIN EXPENSES<\/span><\/h5><ul><li>If a cancellation request is received less than 30 days prior to your trip or 4 days after confirmation is sent, it will be subject to an operating expense penalty of US$$ 45.00 per person.<\/li><li>Entrance fees to Wayna Picchu, Machupichu Mountain, and Machu Picchu are fully penalized, so these expenses cannot be refunded. These are policies established by the Ministry of Culture.<\/li><li>Train tickets also have an additional penalty of 50% of the original ticket price. These are policies established by INCA RAIL and PERU RAIL.<\/li><li>Hotel reservations are subject to the hotel&#039;s own policies.<\/li><\/ul><h4><span style=\"color: #d9983a;\">LAST MINUTE CANCELLATION \u2013 72 HOURS<\/span><\/h4><ul><li>If a cancellation request is received just 72 hours before your trip, you will incur a 100% penalty.<\/li><\/ul><h4><span style=\"color: #d9983a;\">SPECIAL CASE OF THE INCA TRAIL<\/span><\/h4><ul><li>In the event of cancellation of only the Inca Trail service, ONCE THE SERVICE IS CONFIRMED, no refund will be granted for this service, given the characteristics of this service.<\/li><\/ul><h4><span style=\"font-size: 18pt; color: #d9983a;\">SPECIAL CASES OUTSIDE OUR CONTROL<\/span><\/h4><ul><li>In the event of a cancellation beyond our control, such as natural disasters, protests, strikes, emergency decrees, or any event that makes a scheduled tour impossible, a penalty of 50% of the agreed amount will apply.<\/li><\/ul><h3><span style=\"color: #d9983a;\">2. RETURNS<\/span><\/h3><p>The refund process also depends on third parties (Hotels \u2013 Trains \u2013 Income \u2013 Flights)<\/p><ul><li>In the case of TRAINS, the procedure must be completed in person, and the supplier companies have approximately 20 days to process the claim.<\/li><li>In the case of Income, only changes are allowed, but if a special situation arises, this process takes approximately 15 days.<\/li><li>In the case of Hotels and Flights, we must comply with the policies of each company.<\/li><li>Refunds will be made by the same means as the original payment was received.<\/li><li>For credit cards and bank transfers, the processing time is 15 days.<\/li><\/ul><h3><span style=\"color: #d9983a;\">3. DATE CHANGES<\/span><\/h3><p><span style=\"color: #d9983a;\">DATE CHANGE 30 DAYS \u2013 05 DAYS AFTER TRIP IS CONFIRMED<\/span><br \/><span style=\"color: #d9983a;\">OPERATING, TICKETS, AND TRAIN EXPENSES<\/span><\/p><ul><li>If a cancellation request is received 30 days prior to your trip or 05 days or more after confirmation is sent, it will be subject to an operating expense penalty of US$$ 00.00 per person.<\/li><li>There is a penalty of US$$ 15.00 for entry to Wayna Picchu, Machu Picchu Mountain, and Machu Picchu, so there is no refund for these expenses. These are policies established by the Ministry of Culture.<\/li><li>Train tickets also have an additional penalty of 5% of the original ticket value; these are policies established by INCA RAIL and PERU RAIL.<\/li><li>Hotel date changes are subject to the hotel&#039;s own policies.<\/li><\/ul><p><span style=\"color: #d9983a; font-size: 18pt;\">DATE CHANGE LESS THAN 30 DAYS AHEAD \u2013 3 DAYS AFTER TRIP IS CONFIRMED<\/span><br \/><span style=\"color: #d9983a; font-size: 18pt;\">OPERATING, TICKETS, AND TRAIN EXPENSES<\/span><\/p><ul><li>If a cancellation request is received 30 days prior to your trip or 05 days or more after confirmation is sent, it will be subject to an operating expense penalty of US$$ 00.00 per person.<\/li><li>There is a penalty of US$$ 15.00 for entry to Wayna Picchu, Machu Picchu Mountain, and Machu Picchu, so there is no refund for these expenses. These are policies established by the Ministry of Culture.<\/li><li>Train tickets also have an additional penalty of 10% of the original ticket price. These are policies established by INCA RAIL and PERU RAIL.<\/li><li>Hotel date changes are subject to the hotel&#039;s own policies.<\/li><\/ul><p><span style=\"color: #d9983a; font-size: 18pt;\">SPECIAL CASE OF THE INCA TRAIL<\/span><\/p><ul><li>In the event of a change of date for the Inca Trail service, you may do so on an AVAILABILITY BASIS with a penalty of US$$ 120.00 per person.<\/li><\/ul><h3><span style=\"color: #d9983a;\">4. PRICES AND RATES<\/span><\/h3><ul><li>All tour prices and rates are expressed in US dollars.<\/li><li>Our prices may vary during holidays: Easter, Christmas, New Year (such variation will be informed in advance by a company representative)<\/li><li>Tour package prices and rates are per person, based on double occupancy in a standard room at all hotels and include services, transfers, indicated excursions, specialized guides and entrance tickets (unless otherwise specified).<\/li><li>Prices and rates do not include extra charges such as tips, airport taxes, airfare, excess baggage, or any other services not specified in the program.<\/li><li>If the personal information submitted by the client for booking is incorrect, or if any changes or updates to passport data arise, the agency must be notified immediately by email. We will immediately update the data. These changes incur a data change penalty, which is established by the provider companies. These costs will be borne by the client.<\/li><\/ul><h3><span style=\"color: #d9983a;\">5. VISA, DOCUMENTATION, PERMITS AND INSURANCE<\/span><\/h3><ul><li>All clients at the time of contracting the services of <b>HIGHLANDING TRAVEL<\/b> , undertake to acquire at their own expense the valid documents and permits necessary to carry out the activities of the itinerary normally, and must also carry during the excursions the documents whose details they sent at the time of booking.<\/li><li>All clients, when contracting the company&#039;s services, agree to allow a copy of their personal documents (Passport, ID card, DNI, etc.) to be taken by the company&#039;s representative (The company will keep this information confidential and will use it only for accounting and administrative procedures).<\/li><li>According to current Peruvian law, a tourist cannot stay in the country for more than 60 days according to their TAM card. Therefore, if the foreign client traveling is in Peru for more than 60 days, they must pay an additional VAT of 18% on the total amount of the tour.<\/li><\/ul><h3><span style=\"color: #d9983a;\">6. OF THE ITINERARIES<\/span><\/h3><ul><li>Itineraries are planned with great care, although, for operational reasons, it may be necessary to change the order of activities, or the specified route, and while such cases may be occasional, the itinerary in general should only be assumed as a basic guide.<\/li><li>The company reserves the right to make changes to the order of excursions or trips without prior notice due to weather conditions, river levels, arrival or departure times of planes, buses, or trains, or for any other relevant reason. These changes will ensure your safety and the best possible trip.<\/li><li>In the event that activities on the itinerary are subject to changes, rescheduled at the last minute, or canceled due to flight delays, social unrest, bad weather, roadblocks, or any other inconvenience caused by third parties, the company is not responsible for refunding customers.<\/li><\/ul><h3><span style=\"color: #d9983a;\">7. OF RESERVATIONS<\/span><\/h3><ul><li>To make a reservation, the company requires payment of 50% of the total tour by the client using our authorized payment methods and sent by the sales agent. The other 50% of your tour must be paid in cash on the first day of your arrival in the city of Cusco in US dollars to the staff assisting you.<\/li><li>To confirm your reservation, we will need the following information for each passenger traveling: Full name, passport number, nationality, age, and gender. It is recommended that you provide information about any allergies, medical conditions, passenger characteristics, food preferences, etc.<\/li><li>Once the prepayment has been made, our sales agent will send an email confirming the reservation for the tour package chosen by the client. This email serves as a guarantee of their reservation. After receiving the confirmation, the client must review the email in detail and respond.<\/li><li>If your reservation includes overnight stays, hotel confirmation is subject to availability. If there is no space at the hotel specified in the confirmation email, the customer will be given another hotel of a similar category and price.<\/li><li>The company reserves the right to accept last minute reservations (24 hours before the client&#039;s arrival at the destination), in this case the company will expressly indicate the special conditions of said reservation, which will include, if applicable, special schedules, these conditions must be mutually agreed upon with the client and will be evidenced by email.<\/li><\/ul><h3><span style=\"color: #d9983a;\">8. DATA PRIVACY POLICY<\/span><\/h3><ul><li><strong>Highlanding Travel<\/strong> Informs you about its Privacy Policies regarding the treatment and protection of personal data of users and customers that may be collected by filling out forms on the website, sending emails to our addresses, using the virtual chat, and making an online purchase on the website. <b>highlandingtravel.com<\/b><\/li><li>Users and\/or customers provide their personal data voluntarily, in an informed, and secure manner. Therefore, the use of forms, virtual chat, email submissions, and online purchases of services implies acceptance of this Privacy Policy, as well as the conditions included therein, in accordance with Law No. 29733 \u2013 Personal Data Protection Act.<\/li><\/ul><h3><span style=\"color: #d9983a;\">9. PRINCIPLES APPLIED IN DATA PROCESSING<\/span><\/h3><p>Principle of legality<\/p><ul><li>The processing of personal data is carried out in accordance with the law. The collection of personal data through fraudulent, unfair, or unlawful means is prohibited.<\/li><\/ul><p>Principle of consent<\/p><ul><li>The owner of the personal data must provide the information voluntarily and with full consent.<\/li><\/ul><p>Principle of purpose and proportionality<\/p><ul><li>The personal data of the client and\/or user requested are strictly those necessary to be used confidentially for purposes specifically related to the contracted service.<\/li><\/ul><p>Quality Principle<\/p><ul><li>The personal data to be processed must be truthful, accurate, up-to-date, necessary, and appropriate for the purpose for which it was collected.<\/li><li>Your security is guaranteed and will only be kept for the time necessary to fulfill the purpose of the processing.<\/li><\/ul><p>Safety principle and adequate level of protection<\/p><ul><li><strong>Highlanding Travel\u00a0<\/strong> As the person responsible for processing your personal data, it adopts the necessary technical, organizational and legal measures to guarantee the security of your personal data.<\/li><\/ul><p>Jurisdiction and applicable law<\/p><ul><li>These terms and conditions are governed without exception and in all respects by Peruvian law and will be interpreted accordingly.<\/li><li>In the event of any difference, disagreement or conflict arising from the interpretation, validity, scope and\/or application of these general terms and conditions, users will contact <b>Highlanding Travel<\/b>\u00a0 to the mail <b>info@highlandingtravel.com<\/b><\/li><li>If a solution cannot be reached and to ensure users&#039; full access to justice, they may submit their complaint to the National Personal Data Protection Authority. <span style=\"color: #0b9bbf;\"><a style=\"color: #0b9bbf;\" href=\"https:\/\/www.minjus.gob.pe\/proteccion-de-datos-personales\">https:\/\/www.minjus.gob.pe\/proteccion-de-datos-personales<\/a>.<\/span><\/li><\/ul>\t\t\t\t\t\t\t\t<\/div>\n\t\t\t\t<\/div>\n\t\t\t\t\t<\/div>\n\t\t\t\t<\/div>\n\t\t\t\t<\/div>","protected":false},"excerpt":{"rendered":"<p>Terms and Conditions 1. CANCELLATIONS CANCELLATION 30 DAYS \u2013 06 DAYS AFTER TRIP CONFIRMED OPERATING EXPENSES, TICKETS AND TRAINS A cancellation request received 30 days before your trip or 05 days or more after confirmation is sent will be subject to a penalty for operating expenses of US$ 45.00 [\u2026]<\/p>","protected":false},"author":1,"featured_media":0,"parent":0,"menu_order":0,"comment_status":"closed","ping_status":"closed","template":"","meta":{"_eb_attr":"","_joinchat":[],"footnotes":""},"class_list":["post-1200","page","type-page","status-publish","hentry"],"yoast_head":"<!-- This site is optimized with the Yoast SEO Premium plugin v21.3 (Yoast SEO v26.9) - https:\/\/yoast.com\/product\/yoast-seo-premium-wordpress\/ -->\n<title>T\u00e9rminos y Condiciones - Higlanding Travel<\/title>\n<meta name=\"robots\" content=\"index, follow, max-snippet:-1, max-image-preview:large, max-video-preview:-1\" \/>\n<link rel=\"canonical\" href=\"https:\/\/highlandingtravel.com\/en\/terminos-y-condiciones\/\" \/>\n<meta property=\"og:locale\" content=\"en_US\" \/>\n<meta property=\"og:type\" content=\"article\" \/>\n<meta property=\"og:title\" content=\"T\u00e9rminos y Condiciones\" \/>\n<meta property=\"og:description\" content=\"T\u00e9rminos y Condiciones 1. CANCELACIONES CANCELACION A 30 DIAS \u2013 06 DIAS DE CONFIRMADO EL VIAJE GASTOS OPERATIVOS Y DE BOLETOS Y TRENES Una solicitud de cancelaci\u00f3n se recibe 30 d\u00edas antes de su viaje o 05 d\u00edas o m\u00e1s despu\u00e9s de enviada confirmaci\u00f3n estar\u00e1 sujeta a una penalidad por gastos operativos de US$ 45.00 [&hellip;]\" \/>\n<meta property=\"og:url\" content=\"https:\/\/highlandingtravel.com\/en\/terminos-y-condiciones\/\" \/>\n<meta property=\"og:site_name\" content=\"Higlanding Travel\" \/>\n<meta property=\"article:publisher\" content=\"https:\/\/www.facebook.com\/carpiotoursmachupicchu\" \/>\n<meta property=\"article:modified_time\" content=\"2025-04-01T00:20:12+00:00\" \/>\n<meta name=\"twitter:card\" content=\"summary_large_image\" \/>\n<meta name=\"twitter:label1\" content=\"Est. reading time\" \/>\n\t<meta name=\"twitter:data1\" content=\"9 minutes\" \/>\n<script type=\"application\/ld+json\" class=\"yoast-schema-graph\">{\"@context\":\"https:\/\/schema.org\",\"@graph\":[{\"@type\":\"WebPage\",\"@id\":\"https:\/\/highlandingtravel.com\/terminos-y-condiciones\/\",\"url\":\"https:\/\/highlandingtravel.com\/terminos-y-condiciones\/\",\"name\":\"T\u00e9rminos y Condiciones - Higlanding Travel\",\"isPartOf\":{\"@id\":\"https:\/\/highlandingtravel.com\/#website\"},\"datePublished\":\"2023-04-28T16:30:48+00:00\",\"dateModified\":\"2025-04-01T00:20:12+00:00\",\"breadcrumb\":{\"@id\":\"https:\/\/highlandingtravel.com\/terminos-y-condiciones\/#breadcrumb\"},\"inLanguage\":\"en-US\",\"potentialAction\":[{\"@type\":\"ReadAction\",\"target\":[\"https:\/\/highlandingtravel.com\/terminos-y-condiciones\/\"]}]},{\"@type\":\"BreadcrumbList\",\"@id\":\"https:\/\/highlandingtravel.com\/terminos-y-condiciones\/#breadcrumb\",\"itemListElement\":[{\"@type\":\"ListItem\",\"position\":1,\"name\":\"Home\",\"item\":\"https:\/\/highlandingtravel.com\/\"},{\"@type\":\"ListItem\",\"position\":2,\"name\":\"T\u00e9rminos y Condiciones\"}]},{\"@type\":\"WebSite\",\"@id\":\"https:\/\/highlandingtravel.com\/#website\",\"url\":\"https:\/\/highlandingtravel.com\/\",\"name\":\"Higlanding Travel\",\"description\":\"\",\"publisher\":{\"@id\":\"https:\/\/highlandingtravel.com\/#organization\"},\"potentialAction\":[{\"@type\":\"SearchAction\",\"target\":{\"@type\":\"EntryPoint\",\"urlTemplate\":\"https:\/\/highlandingtravel.com\/?s={search_term_string}\"},\"query-input\":{\"@type\":\"PropertyValueSpecification\",\"valueRequired\":true,\"valueName\":\"search_term_string\"}}],\"inLanguage\":\"en-US\"},{\"@type\":\"Organization\",\"@id\":\"https:\/\/highlandingtravel.com\/#organization\",\"name\":\"Higlanding Travel\",\"url\":\"https:\/\/highlandingtravel.com\/\",\"logo\":{\"@type\":\"ImageObject\",\"inLanguage\":\"en-US\",\"@id\":\"https:\/\/highlandingtravel.com\/#\/schema\/logo\/image\/\",\"url\":\"\",\"contentUrl\":\"\",\"caption\":\"Higlanding Travel\"},\"image\":{\"@id\":\"https:\/\/highlandingtravel.com\/#\/schema\/logo\/image\/\"},\"sameAs\":[\"https:\/\/www.facebook.com\/carpiotoursmachupicchu\"]}]}<\/script>\n<!-- \/ Yoast SEO Premium plugin. -->","yoast_head_json":{"title":"T\u00e9rminos y Condiciones - Higlanding Travel","robots":{"index":"index","follow":"follow","max-snippet":"max-snippet:-1","max-image-preview":"max-image-preview:large","max-video-preview":"max-video-preview:-1"},"canonical":"https:\/\/highlandingtravel.com\/en\/terminos-y-condiciones\/","og_locale":"en_US","og_type":"article","og_title":"T\u00e9rminos y Condiciones","og_description":"T\u00e9rminos y Condiciones 1. CANCELACIONES CANCELACION A 30 DIAS \u2013 06 DIAS DE CONFIRMADO EL VIAJE GASTOS OPERATIVOS Y DE BOLETOS Y TRENES Una solicitud de cancelaci\u00f3n se recibe 30 d\u00edas antes de su viaje o 05 d\u00edas o m\u00e1s despu\u00e9s de enviada confirmaci\u00f3n estar\u00e1 sujeta a una penalidad por gastos operativos de US$ 45.00 [&hellip;]","og_url":"https:\/\/highlandingtravel.com\/en\/terminos-y-condiciones\/","og_site_name":"Higlanding Travel","article_publisher":"https:\/\/www.facebook.com\/carpiotoursmachupicchu","article_modified_time":"2025-04-01T00:20:12+00:00","twitter_card":"summary_large_image","twitter_misc":{"Est. reading time":"9 minutes"},"schema":{"@context":"https:\/\/schema.org","@graph":[{"@type":"WebPage","@id":"https:\/\/highlandingtravel.com\/terminos-y-condiciones\/","url":"https:\/\/highlandingtravel.com\/terminos-y-condiciones\/","name":"T\u00e9rminos y Condiciones - Higlanding Travel","isPartOf":{"@id":"https:\/\/highlandingtravel.com\/#website"},"datePublished":"2023-04-28T16:30:48+00:00","dateModified":"2025-04-01T00:20:12+00:00","breadcrumb":{"@id":"https:\/\/highlandingtravel.com\/terminos-y-condiciones\/#breadcrumb"},"inLanguage":"en-US","potentialAction":[{"@type":"ReadAction","target":["https:\/\/highlandingtravel.com\/terminos-y-condiciones\/"]}]},{"@type":"BreadcrumbList","@id":"https:\/\/highlandingtravel.com\/terminos-y-condiciones\/#breadcrumb","itemListElement":[{"@type":"ListItem","position":1,"name":"Home","item":"https:\/\/highlandingtravel.com\/"},{"@type":"ListItem","position":2,"name":"T\u00e9rminos y Condiciones"}]},{"@type":"WebSite","@id":"https:\/\/highlandingtravel.com\/#website","url":"https:\/\/highlandingtravel.com\/","name":"Higlanding Travel","description":"","publisher":{"@id":"https:\/\/highlandingtravel.com\/#organization"},"potentialAction":[{"@type":"SearchAction","target":{"@type":"EntryPoint","urlTemplate":"https:\/\/highlandingtravel.com\/?s={search_term_string}"},"query-input":{"@type":"PropertyValueSpecification","valueRequired":true,"valueName":"search_term_string"}}],"inLanguage":"en-US"},{"@type":"Organization","@id":"https:\/\/highlandingtravel.com\/#organization","name":"Higlanding Travel","url":"https:\/\/highlandingtravel.com\/","logo":{"@type":"ImageObject","inLanguage":"en-US","@id":"https:\/\/highlandingtravel.com\/#\/schema\/logo\/image\/","url":"","contentUrl":"","caption":"Higlanding Travel"},"image":{"@id":"https:\/\/highlandingtravel.com\/#\/schema\/logo\/image\/"},"sameAs":["https:\/\/www.facebook.com\/carpiotoursmachupicchu"]}]}},"_links":{"self":[{"href":"https:\/\/highlandingtravel.com\/en\/wp-json\/wp\/v2\/pages\/1200","targetHints":{"allow":["GET"]}}],"collection":[{"href":"https:\/\/highlandingtravel.com\/en\/wp-json\/wp\/v2\/pages"}],"about":[{"href":"https:\/\/highlandingtravel.com\/en\/wp-json\/wp\/v2\/types\/page"}],"author":[{"embeddable":true,"href":"https:\/\/highlandingtravel.com\/en\/wp-json\/wp\/v2\/users\/1"}],"replies":[{"embeddable":true,"href":"https:\/\/highlandingtravel.com\/en\/wp-json\/wp\/v2\/comments?post=1200"}],"version-history":[{"count":20,"href":"https:\/\/highlandingtravel.com\/en\/wp-json\/wp\/v2\/pages\/1200\/revisions"}],"predecessor-version":[{"id":6294,"href":"https:\/\/highlandingtravel.com\/en\/wp-json\/wp\/v2\/pages\/1200\/revisions\/6294"}],"wp:attachment":[{"href":"https:\/\/highlandingtravel.com\/en\/wp-json\/wp\/v2\/media?parent=1200"}],"curies":[{"name":"wp","href":"https:\/\/api.w.org\/{rel}","templated":true}]}}