{"id":1211,"date":"2023-04-28T11:40:09","date_gmt":"2023-04-28T16:40:09","guid":{"rendered":"https:\/\/www.taritoursperu.com\/?page_id=1211"},"modified":"2025-05-30T15:48:11","modified_gmt":"2025-05-30T20:48:11","slug":"metodos-de-pago","status":"publish","type":"page","link":"https:\/\/highlandingtravel.com\/en\/metodos-de-pago\/","title":{"rendered":"Payment Methods"},"content":{"rendered":"<div data-elementor-type=\"wp-page\" data-elementor-id=\"1211\" class=\"elementor elementor-1211\" data-elementor-post-type=\"page\">\n\t\t\t\t<div data-particle_enable=\"false\" data-particle-mobile-disabled=\"false\" class=\"elementor-element elementor-element-a56c5df e-flex e-con-boxed e-con e-parent\" data-id=\"a56c5df\" data-element_type=\"container\" data-settings=\"{&quot;ekit_has_onepagescroll_dot&quot;:&quot;yes&quot;}\">\n\t\t\t\t\t<div class=\"e-con-inner\">\n\t\t\t\t<div class=\"elementor-element elementor-element-fbf9e90 elementor-widget elementor-widget-heading\" data-id=\"fbf9e90\" data-element_type=\"widget\" data-settings=\"{&quot;ekit_we_effect_on&quot;:&quot;none&quot;}\" data-widget_type=\"heading.default\">\n\t\t\t\t<div class=\"elementor-widget-container\">\n\t\t\t\t\t<h1 class=\"elementor-heading-title elementor-size-default\">Payment Methods<\/h1>\t\t\t\t<\/div>\n\t\t\t\t<\/div>\n\t\t\t\t<div class=\"elementor-element elementor-element-2c06c70 elementor-widget elementor-widget-text-editor\" data-id=\"2c06c70\" data-element_type=\"widget\" data-settings=\"{&quot;ekit_we_effect_on&quot;:&quot;none&quot;}\" data-widget_type=\"text-editor.default\">\n\t\t\t\t<div class=\"elementor-widget-container\">\n\t\t\t\t\t\t\t\t\t<p>In <strong data-start=\"172\" data-end=\"195\">High Landing Travel<\/strong>We offer a variety of secure and accessible payment methods to facilitate your booking and ensure a reliable and transparent experience.<\/p>\t\t\t\t\t\t\t\t<\/div>\n\t\t\t\t<\/div>\n\t\t\t\t<div class=\"elementor-element elementor-element-b710f5e elementor-widget elementor-widget-heading\" data-id=\"b710f5e\" data-element_type=\"widget\" data-settings=\"{&quot;ekit_we_effect_on&quot;:&quot;none&quot;}\" data-widget_type=\"heading.default\">\n\t\t\t\t<div class=\"elementor-widget-container\">\n\t\t\t\t\t<h3 class=\"elementor-heading-title elementor-size-default\">Online payment (by credit or debit card)<\/h3>\t\t\t\t<\/div>\n\t\t\t\t<\/div>\n\t\t\t\t<div class=\"elementor-element elementor-element-a9cfc80 elementor-widget elementor-widget-text-editor\" data-id=\"a9cfc80\" data-element_type=\"widget\" data-settings=\"{&quot;ekit_we_effect_on&quot;:&quot;none&quot;}\" data-widget_type=\"text-editor.default\">\n\t\t\t\t<div class=\"elementor-widget-container\">\n\t\t\t\t\t\t\t\t\t<p>You can make your payment in the following way: <strong data-start=\"427\" data-end=\"446\">fast and safe<\/strong> directly from our website using cards <strong data-start=\"502\" data-end=\"554\">Visa, MasterCard, American Express and Diners Club<\/strong>, among others.<\/p>\t\t\t\t\t\t\t\t<\/div>\n\t\t\t\t<\/div>\n\t\t\t\t<div class=\"elementor-element elementor-element-96db48c elementor-position-left elementor-vertical-align-middle elementor-widget elementor-widget-image-box\" data-id=\"96db48c\" data-element_type=\"widget\" data-settings=\"{&quot;ekit_we_effect_on&quot;:&quot;none&quot;}\" data-widget_type=\"image-box.default\">\n\t\t\t\t<div class=\"elementor-widget-container\">\n\t\t\t\t\t<div class=\"elementor-image-box-wrapper\"><figure class=\"elementor-image-box-img\"><img decoding=\"async\" width=\"300\" height=\"91\" src=\"https:\/\/highlandingtravel.com\/wp-content\/uploads\/2025\/05\/logo-01-300x91.png\" class=\"attachment-medium size-medium wp-image-6471\" alt=\"\" srcset=\"https:\/\/highlandingtravel.com\/wp-content\/uploads\/2025\/05\/logo-01-300x91.png 300w, https:\/\/highlandingtravel.com\/wp-content\/uploads\/2025\/05\/logo-01-1024x310.png 1024w, https:\/\/highlandingtravel.com\/wp-content\/uploads\/2025\/05\/logo-01-768x233.png 768w, https:\/\/highlandingtravel.com\/wp-content\/uploads\/2025\/05\/logo-01-18x5.png 18w, https:\/\/highlandingtravel.com\/wp-content\/uploads\/2025\/05\/logo-01-600x182.png 600w, https:\/\/highlandingtravel.com\/wp-content\/uploads\/2025\/05\/logo-01.png 1300w\" sizes=\"(max-width: 300px) 100vw, 300px\" \/><\/figure><div class=\"elementor-image-box-content\"><h3 class=\"elementor-image-box-title\">Secure payment platform:<\/h3><p class=\"elementor-image-box-description\">All online payments are processed by IZIPAY, an authorized and certified Peruvian company that guarantees transactions protected under international security protocols.\n\n<\/p><\/div><\/div>\t\t\t\t<\/div>\n\t\t\t\t<\/div>\n\t\t\t\t<div class=\"elementor-element elementor-element-4f92c35 elementor-widget elementor-widget-heading\" data-id=\"4f92c35\" data-element_type=\"widget\" data-settings=\"{&quot;ekit_we_effect_on&quot;:&quot;none&quot;}\" data-widget_type=\"heading.default\">\n\t\t\t\t<div class=\"elementor-widget-container\">\n\t\t\t\t\t<h3 class=\"elementor-heading-title elementor-size-default\">Bank deposits or transfers (Peru)<\/h3>\t\t\t\t<\/div>\n\t\t\t\t<\/div>\n\t\t\t\t<div class=\"elementor-element elementor-element-6231266 elementor-widget elementor-widget-text-editor\" data-id=\"6231266\" data-element_type=\"widget\" data-settings=\"{&quot;ekit_we_effect_on&quot;:&quot;none&quot;}\" data-widget_type=\"text-editor.default\">\n\t\t\t\t<div class=\"elementor-widget-container\">\n\t\t\t\t\t\t\t\t\t<p data-start=\"844\" data-end=\"1063\">We accept payments by deposit or transfer to our bank accounts in soles or dollars. After making the payment, you must send us the receipt via email or WhatsApp to validate the transaction.<\/p><p data-start=\"1065\" data-end=\"1122\"><strong data-start=\"1065\" data-end=\"1084\">Bank details<\/strong>: <em data-start=\"1086\" data-end=\"1120\">(Complete as appropriate)<\/em><\/p><ul><li><strong>Bank:<\/strong> Credit Bank of Peru (BCP)<br \/>Title: High Landing Travel<\/li><li><strong>Account number:<\/strong> 2857115194142<\/li><li><strong>Account number (CCI):<\/strong> 00228500711519414255<br \/>Currency: <strong>Dollars<\/strong><\/li><\/ul>\t\t\t\t\t\t\t\t<\/div>\n\t\t\t\t<\/div>\n\t\t\t\t<div class=\"elementor-element elementor-element-d2cff28 elementor-widget elementor-widget-heading\" data-id=\"d2cff28\" data-element_type=\"widget\" data-settings=\"{&quot;ekit_we_effect_on&quot;:&quot;none&quot;}\" data-widget_type=\"heading.default\">\n\t\t\t\t<div class=\"elementor-widget-container\">\n\t\t\t\t\t<h3 class=\"elementor-heading-title elementor-size-default\">Cash payment (by prior arrangement)\n<\/h3>\t\t\t\t<\/div>\n\t\t\t\t<\/div>\n\t\t\t\t<div class=\"elementor-element elementor-element-884b5bc elementor-widget elementor-widget-text-editor\" data-id=\"884b5bc\" data-element_type=\"widget\" data-settings=\"{&quot;ekit_we_effect_on&quot;:&quot;none&quot;}\" data-widget_type=\"text-editor.default\">\n\t\t\t\t<div class=\"elementor-widget-container\">\n\t\t\t\t\t\t\t\t\t<p data-start=\"1347\" data-end=\"1555\">We also offer the option of cash payment, prior <strong data-start=\"1403\" data-end=\"1461\">direct coordination by email or WhatsApp<\/strong>This modality must be scheduled in advance to ensure availability and validation.<\/p><p data-start=\"1557\" data-end=\"1633\"><strong data-start=\"1560\" data-end=\"1571\">Mail:<\/strong> <a class=\"cursor-pointer\" rel=\"noopener\" data-start=\"1572\" data-end=\"1598\">info@highlandingtravel.com<\/a><br data-start=\"1598\" data-end=\"1601\" \/><strong data-start=\"1604\" data-end=\"1617\">WhatsApp:<\/strong> +51 984 394 709<\/p>\t\t\t\t\t\t\t\t<\/div>\n\t\t\t\t<\/div>\n\t\t\t\t<div class=\"elementor-element elementor-element-b9578b8 elementor-widget elementor-widget-text-editor\" data-id=\"b9578b8\" data-element_type=\"widget\" data-settings=\"{&quot;ekit_we_effect_on&quot;:&quot;none&quot;}\" data-widget_type=\"text-editor.default\">\n\t\t\t\t<div class=\"elementor-widget-container\">\n\t\t\t\t\t\t\t\t\t<h3>\u26a0\ufe0f Important<\/h3><ul><li data-start=\"1659\" data-end=\"1722\"><p data-start=\"1661\" data-end=\"1722\"><strong data-start=\"1661\" data-end=\"1688\">Confirm availability<\/strong> before making any payment.<\/p><\/li><li data-start=\"1723\" data-end=\"1799\"><p data-start=\"1725\" data-end=\"1799\">All payments must be accompanied by proof of payment for validation.<\/p><\/li><li data-start=\"1800\" data-end=\"1895\"><p data-start=\"1802\" data-end=\"1895\">If you pay from abroad, conversion fees or bank fees may apply.<\/p><\/li><\/ul>\t\t\t\t\t\t\t\t<\/div>\n\t\t\t\t<\/div>\n\t\t\t\t\t<\/div>\n\t\t\t\t<\/div>\n\t\t\t\t<\/div>","protected":false},"excerpt":{"rendered":"<p>M\u00e9todos de Pago En High Landing Travel, ofrecemos diversos m\u00e9todos de pago seguros y accesibles para facilitar tu reserva y garantizar una experiencia confiable y transparente. Pago en l\u00ednea (con tarjeta de cr\u00e9dito o d\u00e9bito) Puedes realizar tu pago de forma r\u00e1pida y segura directamente desde nuestro sitio web mediante tarjetas Visa, MasterCard, American Express [&hellip;]<\/p>","protected":false},"author":1,"featured_media":0,"parent":0,"menu_order":0,"comment_status":"closed","ping_status":"closed","template":"","meta":{"_eb_attr":"","_joinchat":[],"footnotes":""},"class_list":["post-1211","page","type-page","status-publish","hentry"],"yoast_head":"<!-- This site is optimized with the Yoast SEO Premium plugin v21.3 (Yoast SEO v26.9) - https:\/\/yoast.com\/product\/yoast-seo-premium-wordpress\/ -->\n<title>M\u00e9todos de Pago - Higlanding Travel<\/title>\n<meta name=\"robots\" content=\"index, follow, max-snippet:-1, max-image-preview:large, max-video-preview:-1\" \/>\n<link rel=\"canonical\" href=\"https:\/\/highlandingtravel.com\/en\/metodos-de-pago\/\" \/>\n<meta property=\"og:locale\" content=\"en_US\" \/>\n<meta property=\"og:type\" content=\"article\" \/>\n<meta property=\"og:title\" content=\"M\u00e9todos de Pago\" \/>\n<meta property=\"og:description\" content=\"M\u00e9todos de Pago En High Landing Travel, ofrecemos diversos m\u00e9todos de pago seguros y accesibles para facilitar tu reserva y garantizar una experiencia confiable y transparente. Pago en l\u00ednea (con tarjeta de cr\u00e9dito o d\u00e9bito) Puedes realizar tu pago de forma r\u00e1pida y segura directamente desde nuestro sitio web mediante tarjetas Visa, MasterCard, American Express [&hellip;]\" \/>\n<meta property=\"og:url\" content=\"https:\/\/highlandingtravel.com\/en\/metodos-de-pago\/\" \/>\n<meta property=\"og:site_name\" content=\"Higlanding Travel\" \/>\n<meta property=\"article:publisher\" content=\"https:\/\/www.facebook.com\/carpiotoursmachupicchu\" \/>\n<meta property=\"article:modified_time\" content=\"2025-05-30T20:48:11+00:00\" \/>\n<meta property=\"og:image\" content=\"https:\/\/highlandingtravel.com\/wp-content\/uploads\/2025\/05\/logo-01-300x91.png\" \/>\n<meta name=\"twitter:card\" content=\"summary_large_image\" \/>\n<meta name=\"twitter:label1\" content=\"Est. reading time\" \/>\n\t<meta name=\"twitter:data1\" content=\"2 minutes\" \/>\n<script type=\"application\/ld+json\" class=\"yoast-schema-graph\">{\"@context\":\"https:\/\/schema.org\",\"@graph\":[{\"@type\":\"WebPage\",\"@id\":\"https:\/\/highlandingtravel.com\/metodos-de-pago\/\",\"url\":\"https:\/\/highlandingtravel.com\/metodos-de-pago\/\",\"name\":\"M\u00e9todos de Pago - Higlanding Travel\",\"isPartOf\":{\"@id\":\"https:\/\/highlandingtravel.com\/#website\"},\"primaryImageOfPage\":{\"@id\":\"https:\/\/highlandingtravel.com\/metodos-de-pago\/#primaryimage\"},\"image\":{\"@id\":\"https:\/\/highlandingtravel.com\/metodos-de-pago\/#primaryimage\"},\"thumbnailUrl\":\"https:\/\/highlandingtravel.com\/wp-content\/uploads\/2025\/05\/logo-01-300x91.png\",\"datePublished\":\"2023-04-28T16:40:09+00:00\",\"dateModified\":\"2025-05-30T20:48:11+00:00\",\"breadcrumb\":{\"@id\":\"https:\/\/highlandingtravel.com\/metodos-de-pago\/#breadcrumb\"},\"inLanguage\":\"en-US\",\"potentialAction\":[{\"@type\":\"ReadAction\",\"target\":[\"https:\/\/highlandingtravel.com\/metodos-de-pago\/\"]}]},{\"@type\":\"ImageObject\",\"inLanguage\":\"en-US\",\"@id\":\"https:\/\/highlandingtravel.com\/metodos-de-pago\/#primaryimage\",\"url\":\"https:\/\/highlandingtravel.com\/wp-content\/uploads\/2025\/05\/logo-01-300x91.png\",\"contentUrl\":\"https:\/\/highlandingtravel.com\/wp-content\/uploads\/2025\/05\/logo-01-300x91.png\"},{\"@type\":\"BreadcrumbList\",\"@id\":\"https:\/\/highlandingtravel.com\/metodos-de-pago\/#breadcrumb\",\"itemListElement\":[{\"@type\":\"ListItem\",\"position\":1,\"name\":\"Home\",\"item\":\"https:\/\/highlandingtravel.com\/\"},{\"@type\":\"ListItem\",\"position\":2,\"name\":\"M\u00e9todos de Pago\"}]},{\"@type\":\"WebSite\",\"@id\":\"https:\/\/highlandingtravel.com\/#website\",\"url\":\"https:\/\/highlandingtravel.com\/\",\"name\":\"Higlanding Travel\",\"description\":\"\",\"publisher\":{\"@id\":\"https:\/\/highlandingtravel.com\/#organization\"},\"potentialAction\":[{\"@type\":\"SearchAction\",\"target\":{\"@type\":\"EntryPoint\",\"urlTemplate\":\"https:\/\/highlandingtravel.com\/?s={search_term_string}\"},\"query-input\":{\"@type\":\"PropertyValueSpecification\",\"valueRequired\":true,\"valueName\":\"search_term_string\"}}],\"inLanguage\":\"en-US\"},{\"@type\":\"Organization\",\"@id\":\"https:\/\/highlandingtravel.com\/#organization\",\"name\":\"Higlanding Travel\",\"url\":\"https:\/\/highlandingtravel.com\/\",\"logo\":{\"@type\":\"ImageObject\",\"inLanguage\":\"en-US\",\"@id\":\"https:\/\/highlandingtravel.com\/#\/schema\/logo\/image\/\",\"url\":\"\",\"contentUrl\":\"\",\"caption\":\"Higlanding Travel\"},\"image\":{\"@id\":\"https:\/\/highlandingtravel.com\/#\/schema\/logo\/image\/\"},\"sameAs\":[\"https:\/\/www.facebook.com\/carpiotoursmachupicchu\"]}]}<\/script>\n<!-- \/ Yoast SEO Premium plugin. -->","yoast_head_json":{"title":"M\u00e9todos de Pago - Higlanding Travel","robots":{"index":"index","follow":"follow","max-snippet":"max-snippet:-1","max-image-preview":"max-image-preview:large","max-video-preview":"max-video-preview:-1"},"canonical":"https:\/\/highlandingtravel.com\/en\/metodos-de-pago\/","og_locale":"en_US","og_type":"article","og_title":"M\u00e9todos de Pago","og_description":"M\u00e9todos de Pago En High Landing Travel, ofrecemos diversos m\u00e9todos de pago seguros y accesibles para facilitar tu reserva y garantizar una experiencia confiable y transparente. Pago en l\u00ednea (con tarjeta de cr\u00e9dito o d\u00e9bito) Puedes realizar tu pago de forma r\u00e1pida y segura directamente desde nuestro sitio web mediante tarjetas Visa, MasterCard, American Express [&hellip;]","og_url":"https:\/\/highlandingtravel.com\/en\/metodos-de-pago\/","og_site_name":"Higlanding Travel","article_publisher":"https:\/\/www.facebook.com\/carpiotoursmachupicchu","article_modified_time":"2025-05-30T20:48:11+00:00","og_image":[{"url":"https:\/\/highlandingtravel.com\/wp-content\/uploads\/2025\/05\/logo-01-300x91.png","type":"","width":"","height":""}],"twitter_card":"summary_large_image","twitter_misc":{"Est. reading time":"2 minutes"},"schema":{"@context":"https:\/\/schema.org","@graph":[{"@type":"WebPage","@id":"https:\/\/highlandingtravel.com\/metodos-de-pago\/","url":"https:\/\/highlandingtravel.com\/metodos-de-pago\/","name":"M\u00e9todos de Pago - Higlanding Travel","isPartOf":{"@id":"https:\/\/highlandingtravel.com\/#website"},"primaryImageOfPage":{"@id":"https:\/\/highlandingtravel.com\/metodos-de-pago\/#primaryimage"},"image":{"@id":"https:\/\/highlandingtravel.com\/metodos-de-pago\/#primaryimage"},"thumbnailUrl":"https:\/\/highlandingtravel.com\/wp-content\/uploads\/2025\/05\/logo-01-300x91.png","datePublished":"2023-04-28T16:40:09+00:00","dateModified":"2025-05-30T20:48:11+00:00","breadcrumb":{"@id":"https:\/\/highlandingtravel.com\/metodos-de-pago\/#breadcrumb"},"inLanguage":"en-US","potentialAction":[{"@type":"ReadAction","target":["https:\/\/highlandingtravel.com\/metodos-de-pago\/"]}]},{"@type":"ImageObject","inLanguage":"en-US","@id":"https:\/\/highlandingtravel.com\/metodos-de-pago\/#primaryimage","url":"https:\/\/highlandingtravel.com\/wp-content\/uploads\/2025\/05\/logo-01-300x91.png","contentUrl":"https:\/\/highlandingtravel.com\/wp-content\/uploads\/2025\/05\/logo-01-300x91.png"},{"@type":"BreadcrumbList","@id":"https:\/\/highlandingtravel.com\/metodos-de-pago\/#breadcrumb","itemListElement":[{"@type":"ListItem","position":1,"name":"Home","item":"https:\/\/highlandingtravel.com\/"},{"@type":"ListItem","position":2,"name":"M\u00e9todos de Pago"}]},{"@type":"WebSite","@id":"https:\/\/highlandingtravel.com\/#website","url":"https:\/\/highlandingtravel.com\/","name":"Higlanding Travel","description":"","publisher":{"@id":"https:\/\/highlandingtravel.com\/#organization"},"potentialAction":[{"@type":"SearchAction","target":{"@type":"EntryPoint","urlTemplate":"https:\/\/highlandingtravel.com\/?s={search_term_string}"},"query-input":{"@type":"PropertyValueSpecification","valueRequired":true,"valueName":"search_term_string"}}],"inLanguage":"en-US"},{"@type":"Organization","@id":"https:\/\/highlandingtravel.com\/#organization","name":"Higlanding Travel","url":"https:\/\/highlandingtravel.com\/","logo":{"@type":"ImageObject","inLanguage":"en-US","@id":"https:\/\/highlandingtravel.com\/#\/schema\/logo\/image\/","url":"","contentUrl":"","caption":"Higlanding Travel"},"image":{"@id":"https:\/\/highlandingtravel.com\/#\/schema\/logo\/image\/"},"sameAs":["https:\/\/www.facebook.com\/carpiotoursmachupicchu"]}]}},"_links":{"self":[{"href":"https:\/\/highlandingtravel.com\/en\/wp-json\/wp\/v2\/pages\/1211","targetHints":{"allow":["GET"]}}],"collection":[{"href":"https:\/\/highlandingtravel.com\/en\/wp-json\/wp\/v2\/pages"}],"about":[{"href":"https:\/\/highlandingtravel.com\/en\/wp-json\/wp\/v2\/types\/page"}],"author":[{"embeddable":true,"href":"https:\/\/highlandingtravel.com\/en\/wp-json\/wp\/v2\/users\/1"}],"replies":[{"embeddable":true,"href":"https:\/\/highlandingtravel.com\/en\/wp-json\/wp\/v2\/comments?post=1211"}],"version-history":[{"count":20,"href":"https:\/\/highlandingtravel.com\/en\/wp-json\/wp\/v2\/pages\/1211\/revisions"}],"predecessor-version":[{"id":6481,"href":"https:\/\/highlandingtravel.com\/en\/wp-json\/wp\/v2\/pages\/1211\/revisions\/6481"}],"wp:attachment":[{"href":"https:\/\/highlandingtravel.com\/en\/wp-json\/wp\/v2\/media?parent=1211"}],"curies":[{"name":"wp","href":"https:\/\/api.w.org\/{rel}","templated":true}]}}