{"id":3,"date":"2023-04-05T13:56:52","date_gmt":"2023-04-05T18:56:52","guid":{"rendered":"https:\/\/www.taritoursperu.com\/?page_id=3"},"modified":"2025-05-30T12:39:41","modified_gmt":"2025-05-30T17:39:41","slug":"politica-de-privacidad","status":"publish","type":"page","link":"https:\/\/highlandingtravel.com\/en\/politica-de-privacidad\/","title":{"rendered":"Privacy Policy"},"content":{"rendered":"<div data-elementor-type=\"wp-page\" data-elementor-id=\"3\" class=\"elementor elementor-3\" data-elementor-post-type=\"page\">\n\t\t\t\t<div data-particle_enable=\"false\" data-particle-mobile-disabled=\"false\" class=\"elementor-element elementor-element-42f232b6 e-flex e-con-boxed e-con e-parent\" data-id=\"42f232b6\" data-element_type=\"container\" data-settings=\"{&quot;ekit_has_onepagescroll_dot&quot;:&quot;yes&quot;}\">\n\t\t\t\t\t<div class=\"e-con-inner\">\n\t\t\t\t<div class=\"elementor-element elementor-element-bcb8abf elementor-widget elementor-widget-heading\" data-id=\"bcb8abf\" data-element_type=\"widget\" data-settings=\"{&quot;ekit_we_effect_on&quot;:&quot;none&quot;}\" data-widget_type=\"heading.default\">\n\t\t\t\t<div class=\"elementor-widget-container\">\n\t\t\t\t\t<h2 class=\"elementor-heading-title elementor-size-default\">Privacy Policy<\/h2>\t\t\t\t<\/div>\n\t\t\t\t<\/div>\n\t\t\t\t<div class=\"elementor-element elementor-element-c9f9363 elementor-widget elementor-widget-text-editor\" data-id=\"c9f9363\" data-element_type=\"widget\" data-settings=\"{&quot;ekit_we_effect_on&quot;:&quot;none&quot;}\" data-widget_type=\"text-editor.default\">\n\t\t\t\t<div class=\"elementor-widget-container\">\n\t\t\t\t\t\t\t\t\t<p>In <strong data-start=\"154\" data-end=\"177\">Highlanding Travel<\/strong>, we value and respect the privacy of our users and customers. This Privacy Policy describes how we collect, use, and protect the personal information you provide to us through our website and other communication channels, in accordance with the <strong data-start=\"446\" data-end=\"503\">Law No. 29733 \u2013 Personal Data Protection Law<\/strong> from Peru.<\/p>\t\t\t\t\t\t\t\t<\/div>\n\t\t\t\t<\/div>\n\t\t\t\t<div class=\"elementor-element elementor-element-0a8a97a elementor-widget elementor-widget-heading\" data-id=\"0a8a97a\" data-element_type=\"widget\" data-settings=\"{&quot;ekit_we_effect_on&quot;:&quot;none&quot;}\" data-widget_type=\"heading.default\">\n\t\t\t\t<div class=\"elementor-widget-container\">\n\t\t\t\t\t<h3 class=\"elementor-heading-title elementor-size-default\">1. Information we collect<\/h3>\t\t\t\t<\/div>\n\t\t\t\t<\/div>\n\t\t\t\t<div class=\"elementor-element elementor-element-a9c3707 elementor-widget elementor-widget-text-editor\" data-id=\"a9c3707\" data-element_type=\"widget\" data-settings=\"{&quot;ekit_we_effect_on&quot;:&quot;none&quot;}\" data-widget_type=\"text-editor.default\">\n\t\t\t\t<div class=\"elementor-widget-container\">\n\t\t\t\t\t\t\t\t\t<p data-start=\"550\" data-end=\"611\">We collect personal data voluntarily through:<\/p>\n<ul data-start=\"613\" data-end=\"792\">\n<li data-start=\"613\" data-end=\"671\">\n<p data-start=\"615\" data-end=\"671\">Contact and reservation forms on our website.<\/p>\n<\/li>\n<li data-start=\"672\" data-end=\"727\">\n<p data-start=\"674\" data-end=\"727\">Sending emails to our addresses.<\/p>\n<\/li>\n<li data-start=\"728\" data-end=\"751\">\n<p data-start=\"730\" data-end=\"751\">Using virtual chat.<\/p>\n<\/li>\n<li data-start=\"752\" data-end=\"792\">\n<p data-start=\"754\" data-end=\"792\">Online shopping on our website.<\/p>\n<\/li>\n<\/ul>\n<p data-start=\"794\" data-end=\"868\">The personal data we may collect includes, but is not limited to:<\/p>\n<ul data-start=\"870\" data-end=\"1117\">\n<li data-start=\"870\" data-end=\"892\">\n<p data-start=\"872\" data-end=\"892\">First and last names.<\/p>\n<\/li>\n<li data-start=\"893\" data-end=\"930\">\n<p data-start=\"895\" data-end=\"930\">Identity document or passport.<\/p>\n<\/li>\n<li data-start=\"931\" data-end=\"965\">\n<p data-start=\"933\" data-end=\"965\">Email address.<\/p>\n<\/li>\n<li data-start=\"966\" data-end=\"986\">\n<p data-start=\"968\" data-end=\"986\">Telephone number.<\/p>\n<\/li>\n<li data-start=\"987\" data-end=\"1024\">\n<p data-start=\"989\" data-end=\"1024\">Nationality and date of birth.<\/p>\n<\/li>\n<li data-start=\"1025\" data-end=\"1081\">\n<p data-start=\"1027\" data-end=\"1081\">Travel information (destinations, dates, preferences).<\/p>\n<\/li>\n<li data-start=\"1082\" data-end=\"1117\">\n<p data-start=\"1084\" data-end=\"1117\">Billing information (if applicable).<\/p>\n<\/li>\n<\/ul>\t\t\t\t\t\t\t\t<\/div>\n\t\t\t\t<\/div>\n\t\t\t\t<div class=\"elementor-element elementor-element-0143291 elementor-widget elementor-widget-heading\" data-id=\"0143291\" data-element_type=\"widget\" data-settings=\"{&quot;ekit_we_effect_on&quot;:&quot;none&quot;}\" data-widget_type=\"heading.default\">\n\t\t\t\t<div class=\"elementor-widget-container\">\n\t\t\t\t\t<h3 class=\"elementor-heading-title elementor-size-default\">2. Purpose of data processing<\/h3>\t\t\t\t<\/div>\n\t\t\t\t<\/div>\n\t\t\t\t<div class=\"elementor-element elementor-element-01e4186 elementor-widget elementor-widget-text-editor\" data-id=\"01e4186\" data-element_type=\"widget\" data-settings=\"{&quot;ekit_we_effect_on&quot;:&quot;none&quot;}\" data-widget_type=\"text-editor.default\">\n\t\t\t\t<div class=\"elementor-widget-container\">\n\t\t\t\t\t\t\t\t\t<p data-start=\"1162\" data-end=\"1215\">The personal data collected is used for:<\/p>\n<ul data-start=\"1217\" data-end=\"1524\">\n<li data-start=\"1217\" data-end=\"1275\">\n<p data-start=\"1219\" data-end=\"1275\">Manage quotes, reservations, and tourist services.<\/p>\n<\/li>\n<li data-start=\"1276\" data-end=\"1337\">\n<p data-start=\"1278\" data-end=\"1337\">Send confirmations, invoices, or related communications.<\/p>\n<\/li>\n<li data-start=\"1338\" data-end=\"1394\">\n<p data-start=\"1340\" data-end=\"1394\">Personalize care and improve our services.<\/p>\n<\/li>\n<li data-start=\"1395\" data-end=\"1456\">\n<p data-start=\"1397\" data-end=\"1456\">Comply with legal obligations to Peruvian authorities.<\/p>\n<\/li>\n<li data-start=\"1457\" data-end=\"1524\">\n<p data-start=\"1459\" data-end=\"1524\">Send promotions and news (only if you have given your consent).<\/p>\n<\/li>\n<\/ul>\t\t\t\t\t\t\t\t<\/div>\n\t\t\t\t<\/div>\n\t\t\t\t<div class=\"elementor-element elementor-element-e2a2c5a elementor-widget elementor-widget-heading\" data-id=\"e2a2c5a\" data-element_type=\"widget\" data-settings=\"{&quot;ekit_we_effect_on&quot;:&quot;none&quot;}\" data-widget_type=\"heading.default\">\n\t\t\t\t<div class=\"elementor-widget-container\">\n\t\t\t\t\t<h3 class=\"elementor-heading-title elementor-size-default\">3. Principles applied in data processing<\/h3>\t\t\t\t<\/div>\n\t\t\t\t<\/div>\n\t\t\t\t<div class=\"elementor-element elementor-element-ae6c3d6 elementor-widget elementor-widget-text-editor\" data-id=\"ae6c3d6\" data-element_type=\"widget\" data-settings=\"{&quot;ekit_we_effect_on&quot;:&quot;none&quot;}\" data-widget_type=\"text-editor.default\">\n\t\t\t\t<div class=\"elementor-widget-container\">\n\t\t\t\t\t\t\t\t\t<p data-start=\"1582\" data-end=\"1660\">We apply the following principles in the processing of your personal data:<\/p>\n<ul data-start=\"1662\" data-end=\"2507\">\n<li data-start=\"1662\" data-end=\"1841\">\n<p data-start=\"1664\" data-end=\"1841\"><strong data-start=\"1664\" data-end=\"1677\">Legality<\/strong>: The processing of personal data is carried out in accordance with the law. The collection of personal data by fraudulent, unfair, or unlawful means is prohibited.<\/p>\n<\/li>\n<li data-start=\"1842\" data-end=\"1979\">\n<p data-start=\"1844\" data-end=\"1979\"><strong data-start=\"1844\" data-end=\"1862\">Consent<\/strong>: The owner of the personal data must provide the information voluntarily and with full consent.<\/p>\n<\/li>\n<li data-start=\"1980\" data-end=\"2181\">\n<p data-start=\"1982\" data-end=\"2181\"><strong data-start=\"1982\" data-end=\"2014\">Purpose and proportionality<\/strong>: The personal data requested is strictly necessary and is used confidentially for purposes specifically related to the contracted service.<\/p>\n<\/li>\n<li data-start=\"2182\" data-end=\"2342\">\n<p data-start=\"2184\" data-end=\"2342\"><strong data-start=\"2184\" data-end=\"2195\">Quality<\/strong>: The personal data processed must be truthful, accurate, up-to-date, necessary and appropriate for the purpose for which they were collected.<\/p>\n<\/li>\n<li data-start=\"2343\" data-end=\"2507\">\n<p data-start=\"2345\" data-end=\"2507\"><strong data-start=\"2345\" data-end=\"2389\">Security and adequate level of protection<\/strong>We adopt the necessary technical, organizational, and legal measures to guarantee the security of personal data.<\/p>\n<\/li>\n<\/ul>\t\t\t\t\t\t\t\t<\/div>\n\t\t\t\t<\/div>\n\t\t\t\t<div class=\"elementor-element elementor-element-ed89e27 elementor-widget elementor-widget-heading\" data-id=\"ed89e27\" data-element_type=\"widget\" data-settings=\"{&quot;ekit_we_effect_on&quot;:&quot;none&quot;}\" data-widget_type=\"heading.default\">\n\t\t\t\t<div class=\"elementor-widget-container\">\n\t\t\t\t\t<h3 class=\"elementor-heading-title elementor-size-default\">4. Confidentiality and security<\/h3>\t\t\t\t<\/div>\n\t\t\t\t<\/div>\n\t\t\t\t<div class=\"elementor-element elementor-element-ca38209 elementor-widget elementor-widget-text-editor\" data-id=\"ca38209\" data-element_type=\"widget\" data-settings=\"{&quot;ekit_we_effect_on&quot;:&quot;none&quot;}\" data-widget_type=\"text-editor.default\">\n\t\t\t\t<div class=\"elementor-widget-container\">\n\t\t\t\t\t\t\t\t\t<p>Your information will be treated confidentially. We implement appropriate technical and organizational security measures to prevent unauthorized access, loss, alteration, or destruction of your personal data.<\/p>\t\t\t\t\t\t\t\t<\/div>\n\t\t\t\t<\/div>\n\t\t\t\t<div class=\"elementor-element elementor-element-9a23371 elementor-widget elementor-widget-heading\" data-id=\"9a23371\" data-element_type=\"widget\" data-settings=\"{&quot;ekit_we_effect_on&quot;:&quot;none&quot;}\" data-widget_type=\"heading.default\">\n\t\t\t\t<div class=\"elementor-widget-container\">\n\t\t\t\t\t<h3 class=\"elementor-heading-title elementor-size-default\">5. Data transfer<\/h3>\t\t\t\t<\/div>\n\t\t\t\t<\/div>\n\t\t\t\t<div class=\"elementor-element elementor-element-f357f09 elementor-widget elementor-widget-text-editor\" data-id=\"f357f09\" data-element_type=\"widget\" data-settings=\"{&quot;ekit_we_effect_on&quot;:&quot;none&quot;}\" data-widget_type=\"text-editor.default\">\n\t\t\t\t<div class=\"elementor-widget-container\">\n\t\t\t\t\t\t\t\t\t<p data-start=\"2794\" data-end=\"3051\">In some cases, we may share information with third parties that provide services on our behalf (for example, hotels, tour operators, or payment systems), always under confidentiality agreements and only to the extent necessary to provide the service.<\/p>\n<p data-start=\"3053\" data-end=\"3135\">We do not share your data with third parties for marketing purposes without your consent.<\/p>\t\t\t\t\t\t\t\t<\/div>\n\t\t\t\t<\/div>\n\t\t\t\t<div class=\"elementor-element elementor-element-9732214 elementor-widget elementor-widget-heading\" data-id=\"9732214\" data-element_type=\"widget\" data-settings=\"{&quot;ekit_we_effect_on&quot;:&quot;none&quot;}\" data-widget_type=\"heading.default\">\n\t\t\t\t<div class=\"elementor-widget-container\">\n\t\t\t\t\t<h3 class=\"elementor-heading-title elementor-size-default\">6. Rights of the data subject<\/h3>\t\t\t\t<\/div>\n\t\t\t\t<\/div>\n\t\t\t\t<div class=\"elementor-element elementor-element-5660e1d elementor-widget elementor-widget-text-editor\" data-id=\"5660e1d\" data-element_type=\"widget\" data-settings=\"{&quot;ekit_we_effect_on&quot;:&quot;none&quot;}\" data-widget_type=\"text-editor.default\">\n\t\t\t\t<div class=\"elementor-widget-container\">\n\t\t\t\t\t\t\t\t\t<p data-start=\"3175\" data-end=\"3230\">As the owner of your personal data, you have the right to:<\/p>\n<ul data-start=\"3232\" data-end=\"3420\">\n<li data-start=\"3232\" data-end=\"3259\">\n<p data-start=\"3234\" data-end=\"3259\">Access your information.<\/p>\n<\/li>\n<li data-start=\"3260\" data-end=\"3303\">\n<p data-start=\"3262\" data-end=\"3303\">Correct it if it is inaccurate or incomplete.<\/p>\n<\/li>\n<li data-start=\"3304\" data-end=\"3344\">\n<p data-start=\"3306\" data-end=\"3344\">Cancel it when it is no longer necessary.<\/p>\n<\/li>\n<li data-start=\"3345\" data-end=\"3391\">\n<p data-start=\"3347\" data-end=\"3391\">Oppose its processing, in certain cases.<\/p>\n<\/li>\n<li data-start=\"3392\" data-end=\"3420\">\n<p data-start=\"3394\" data-end=\"3420\">Revoke your consent.<\/p>\n<\/li>\n<\/ul>\n<p data-start=\"3422\" data-end=\"3508\">You can exercise these rights by sending a request to: <strong data-start=\"3478\" data-end=\"3508\"><a class=\"cursor-pointer\" rel=\"noopener\" data-start=\"3480\" data-end=\"3506\">info@highlandingtravel.com<\/a><\/strong><\/p>\t\t\t\t\t\t\t\t<\/div>\n\t\t\t\t<\/div>\n\t\t\t\t<div class=\"elementor-element elementor-element-0391cf2 elementor-widget elementor-widget-heading\" data-id=\"0391cf2\" data-element_type=\"widget\" data-settings=\"{&quot;ekit_we_effect_on&quot;:&quot;none&quot;}\" data-widget_type=\"heading.default\">\n\t\t\t\t<div class=\"elementor-widget-container\">\n\t\t\t\t\t<h3 class=\"elementor-heading-title elementor-size-default\">7. Use of cookies<\/h3>\t\t\t\t<\/div>\n\t\t\t\t<\/div>\n\t\t\t\t<div class=\"elementor-element elementor-element-ab419a3 elementor-widget elementor-widget-text-editor\" data-id=\"ab419a3\" data-element_type=\"widget\" data-settings=\"{&quot;ekit_we_effect_on&quot;:&quot;none&quot;}\" data-widget_type=\"text-editor.default\">\n\t\t\t\t<div class=\"elementor-widget-container\">\n\t\t\t\t\t\t\t\t\t<p>Our website uses cookies to improve your browsing experience and analyze behavior patterns. You can accept or reject the use of cookies through your browser settings.<\/p>\t\t\t\t\t\t\t\t<\/div>\n\t\t\t\t<\/div>\n\t\t\t\t<div class=\"elementor-element elementor-element-9526836 elementor-widget elementor-widget-heading\" data-id=\"9526836\" data-element_type=\"widget\" data-settings=\"{&quot;ekit_we_effect_on&quot;:&quot;none&quot;}\" data-widget_type=\"heading.default\">\n\t\t\t\t<div class=\"elementor-widget-container\">\n\t\t\t\t\t<h3 class=\"elementor-heading-title elementor-size-default\">8. Changes to this policy<\/h3>\t\t\t\t<\/div>\n\t\t\t\t<\/div>\n\t\t\t\t<div class=\"elementor-element elementor-element-48fef7d elementor-widget elementor-widget-text-editor\" data-id=\"48fef7d\" data-element_type=\"widget\" data-settings=\"{&quot;ekit_we_effect_on&quot;:&quot;none&quot;}\" data-widget_type=\"text-editor.default\">\n\t\t\t\t<div class=\"elementor-widget-container\">\n\t\t\t\t\t\t\t\t\t<p>We reserve the right to modify this Privacy Policy at any time. Changes will be posted on this page, indicating the date of the last update.<\/p>\n<p><strong data-start=\"3950\" data-end=\"3975\">Last updated:<\/strong> May 30, 2025<\/p>\t\t\t\t\t\t\t\t<\/div>\n\t\t\t\t<\/div>\n\t\t\t\t\t<\/div>\n\t\t\t\t<\/div>\n\t\t\t\t<\/div>","protected":false},"excerpt":{"rendered":"<p>Pol\u00edtica de Privacidad En Highlanding Travel, valoramos y respetamos la privacidad de nuestros usuarios y clientes. Esta Pol\u00edtica de Privacidad describe c\u00f3mo recopilamos, usamos y protegemos la informaci\u00f3n personal que nos proporcionas a trav\u00e9s de nuestro sitio web y otros canales de comunicaci\u00f3n, conforme a la Ley N.\u00ba 29733 \u2013 Ley de Protecci\u00f3n de Datos [&hellip;]<\/p>","protected":false},"author":1,"featured_media":0,"parent":0,"menu_order":0,"comment_status":"closed","ping_status":"open","template":"","meta":{"_eb_attr":"","_joinchat":[],"footnotes":""},"class_list":["post-3","page","type-page","status-publish","hentry"],"yoast_head":"<!-- This site is optimized with the Yoast SEO Premium plugin v21.3 (Yoast SEO v26.9) - https:\/\/yoast.com\/product\/yoast-seo-premium-wordpress\/ -->\n<title>Pol\u00edtica de Privacidad - Higlanding Travel<\/title>\n<meta name=\"robots\" content=\"index, follow, max-snippet:-1, max-image-preview:large, max-video-preview:-1\" \/>\n<link rel=\"canonical\" href=\"https:\/\/highlandingtravel.com\/en\/politica-de-privacidad\/\" \/>\n<meta property=\"og:locale\" content=\"en_US\" \/>\n<meta property=\"og:type\" content=\"article\" \/>\n<meta property=\"og:title\" content=\"Pol\u00edtica de Privacidad\" \/>\n<meta property=\"og:description\" content=\"Pol\u00edtica de Privacidad En Highlanding Travel, valoramos y respetamos la privacidad de nuestros usuarios y clientes. Esta Pol\u00edtica de Privacidad describe c\u00f3mo recopilamos, usamos y protegemos la informaci\u00f3n personal que nos proporcionas a trav\u00e9s de nuestro sitio web y otros canales de comunicaci\u00f3n, conforme a la Ley N.\u00ba 29733 \u2013 Ley de Protecci\u00f3n de Datos [&hellip;]\" \/>\n<meta property=\"og:url\" content=\"https:\/\/highlandingtravel.com\/en\/politica-de-privacidad\/\" \/>\n<meta property=\"og:site_name\" content=\"Higlanding Travel\" \/>\n<meta property=\"article:publisher\" content=\"https:\/\/www.facebook.com\/carpiotoursmachupicchu\" \/>\n<meta property=\"article:modified_time\" content=\"2025-05-30T17:39:41+00:00\" \/>\n<meta name=\"twitter:card\" content=\"summary_large_image\" \/>\n<meta name=\"twitter:label1\" content=\"Est. reading time\" \/>\n\t<meta name=\"twitter:data1\" content=\"3 minutes\" \/>\n<script type=\"application\/ld+json\" class=\"yoast-schema-graph\">{\"@context\":\"https:\/\/schema.org\",\"@graph\":[{\"@type\":\"WebPage\",\"@id\":\"https:\/\/highlandingtravel.com\/politica-de-privacidad\/\",\"url\":\"https:\/\/highlandingtravel.com\/politica-de-privacidad\/\",\"name\":\"Pol\u00edtica de Privacidad - Higlanding Travel\",\"isPartOf\":{\"@id\":\"https:\/\/highlandingtravel.com\/#website\"},\"datePublished\":\"2023-04-05T18:56:52+00:00\",\"dateModified\":\"2025-05-30T17:39:41+00:00\",\"breadcrumb\":{\"@id\":\"https:\/\/highlandingtravel.com\/politica-de-privacidad\/#breadcrumb\"},\"inLanguage\":\"en-US\",\"potentialAction\":[{\"@type\":\"ReadAction\",\"target\":[\"https:\/\/highlandingtravel.com\/politica-de-privacidad\/\"]}]},{\"@type\":\"BreadcrumbList\",\"@id\":\"https:\/\/highlandingtravel.com\/politica-de-privacidad\/#breadcrumb\",\"itemListElement\":[{\"@type\":\"ListItem\",\"position\":1,\"name\":\"Home\",\"item\":\"https:\/\/highlandingtravel.com\/\"},{\"@type\":\"ListItem\",\"position\":2,\"name\":\"Pol\u00edtica de Privacidad\"}]},{\"@type\":\"WebSite\",\"@id\":\"https:\/\/highlandingtravel.com\/#website\",\"url\":\"https:\/\/highlandingtravel.com\/\",\"name\":\"Higlanding Travel\",\"description\":\"\",\"publisher\":{\"@id\":\"https:\/\/highlandingtravel.com\/#organization\"},\"potentialAction\":[{\"@type\":\"SearchAction\",\"target\":{\"@type\":\"EntryPoint\",\"urlTemplate\":\"https:\/\/highlandingtravel.com\/?s={search_term_string}\"},\"query-input\":{\"@type\":\"PropertyValueSpecification\",\"valueRequired\":true,\"valueName\":\"search_term_string\"}}],\"inLanguage\":\"en-US\"},{\"@type\":\"Organization\",\"@id\":\"https:\/\/highlandingtravel.com\/#organization\",\"name\":\"Higlanding Travel\",\"url\":\"https:\/\/highlandingtravel.com\/\",\"logo\":{\"@type\":\"ImageObject\",\"inLanguage\":\"en-US\",\"@id\":\"https:\/\/highlandingtravel.com\/#\/schema\/logo\/image\/\",\"url\":\"\",\"contentUrl\":\"\",\"caption\":\"Higlanding Travel\"},\"image\":{\"@id\":\"https:\/\/highlandingtravel.com\/#\/schema\/logo\/image\/\"},\"sameAs\":[\"https:\/\/www.facebook.com\/carpiotoursmachupicchu\"]}]}<\/script>\n<!-- \/ Yoast SEO Premium plugin. -->","yoast_head_json":{"title":"Pol\u00edtica de Privacidad - Higlanding Travel","robots":{"index":"index","follow":"follow","max-snippet":"max-snippet:-1","max-image-preview":"max-image-preview:large","max-video-preview":"max-video-preview:-1"},"canonical":"https:\/\/highlandingtravel.com\/en\/politica-de-privacidad\/","og_locale":"en_US","og_type":"article","og_title":"Pol\u00edtica de Privacidad","og_description":"Pol\u00edtica de Privacidad En Highlanding Travel, valoramos y respetamos la privacidad de nuestros usuarios y clientes. Esta Pol\u00edtica de Privacidad describe c\u00f3mo recopilamos, usamos y protegemos la informaci\u00f3n personal que nos proporcionas a trav\u00e9s de nuestro sitio web y otros canales de comunicaci\u00f3n, conforme a la Ley N.\u00ba 29733 \u2013 Ley de Protecci\u00f3n de Datos [&hellip;]","og_url":"https:\/\/highlandingtravel.com\/en\/politica-de-privacidad\/","og_site_name":"Higlanding Travel","article_publisher":"https:\/\/www.facebook.com\/carpiotoursmachupicchu","article_modified_time":"2025-05-30T17:39:41+00:00","twitter_card":"summary_large_image","twitter_misc":{"Est. reading time":"3 minutes"},"schema":{"@context":"https:\/\/schema.org","@graph":[{"@type":"WebPage","@id":"https:\/\/highlandingtravel.com\/politica-de-privacidad\/","url":"https:\/\/highlandingtravel.com\/politica-de-privacidad\/","name":"Pol\u00edtica de Privacidad - Higlanding Travel","isPartOf":{"@id":"https:\/\/highlandingtravel.com\/#website"},"datePublished":"2023-04-05T18:56:52+00:00","dateModified":"2025-05-30T17:39:41+00:00","breadcrumb":{"@id":"https:\/\/highlandingtravel.com\/politica-de-privacidad\/#breadcrumb"},"inLanguage":"en-US","potentialAction":[{"@type":"ReadAction","target":["https:\/\/highlandingtravel.com\/politica-de-privacidad\/"]}]},{"@type":"BreadcrumbList","@id":"https:\/\/highlandingtravel.com\/politica-de-privacidad\/#breadcrumb","itemListElement":[{"@type":"ListItem","position":1,"name":"Home","item":"https:\/\/highlandingtravel.com\/"},{"@type":"ListItem","position":2,"name":"Pol\u00edtica de Privacidad"}]},{"@type":"WebSite","@id":"https:\/\/highlandingtravel.com\/#website","url":"https:\/\/highlandingtravel.com\/","name":"Higlanding Travel","description":"","publisher":{"@id":"https:\/\/highlandingtravel.com\/#organization"},"potentialAction":[{"@type":"SearchAction","target":{"@type":"EntryPoint","urlTemplate":"https:\/\/highlandingtravel.com\/?s={search_term_string}"},"query-input":{"@type":"PropertyValueSpecification","valueRequired":true,"valueName":"search_term_string"}}],"inLanguage":"en-US"},{"@type":"Organization","@id":"https:\/\/highlandingtravel.com\/#organization","name":"Higlanding Travel","url":"https:\/\/highlandingtravel.com\/","logo":{"@type":"ImageObject","inLanguage":"en-US","@id":"https:\/\/highlandingtravel.com\/#\/schema\/logo\/image\/","url":"","contentUrl":"","caption":"Higlanding Travel"},"image":{"@id":"https:\/\/highlandingtravel.com\/#\/schema\/logo\/image\/"},"sameAs":["https:\/\/www.facebook.com\/carpiotoursmachupicchu"]}]}},"_links":{"self":[{"href":"https:\/\/highlandingtravel.com\/en\/wp-json\/wp\/v2\/pages\/3","targetHints":{"allow":["GET"]}}],"collection":[{"href":"https:\/\/highlandingtravel.com\/en\/wp-json\/wp\/v2\/pages"}],"about":[{"href":"https:\/\/highlandingtravel.com\/en\/wp-json\/wp\/v2\/types\/page"}],"author":[{"embeddable":true,"href":"https:\/\/highlandingtravel.com\/en\/wp-json\/wp\/v2\/users\/1"}],"replies":[{"embeddable":true,"href":"https:\/\/highlandingtravel.com\/en\/wp-json\/wp\/v2\/comments?post=3"}],"version-history":[{"count":8,"href":"https:\/\/highlandingtravel.com\/en\/wp-json\/wp\/v2\/pages\/3\/revisions"}],"predecessor-version":[{"id":6469,"href":"https:\/\/highlandingtravel.com\/en\/wp-json\/wp\/v2\/pages\/3\/revisions\/6469"}],"wp:attachment":[{"href":"https:\/\/highlandingtravel.com\/en\/wp-json\/wp\/v2\/media?parent=3"}],"curies":[{"name":"wp","href":"https:\/\/api.w.org\/{rel}","templated":true}]}}