{"id":6452,"date":"2025-05-30T11:15:45","date_gmt":"2025-05-30T16:15:45","guid":{"rendered":"https:\/\/highlandingtravel.com\/?page_id=6452"},"modified":"2025-05-30T11:55:12","modified_gmt":"2025-05-30T16:55:12","slug":"codigo-esnna","status":"publish","type":"page","link":"https:\/\/highlandingtravel.com\/en\/codigo-esnna\/","title":{"rendered":"ESNNA Code"},"content":{"rendered":"<div data-elementor-type=\"wp-page\" data-elementor-id=\"6452\" class=\"elementor elementor-6452\" data-elementor-post-type=\"page\">\n\t\t\t\t<div data-particle_enable=\"false\" data-particle-mobile-disabled=\"false\" class=\"elementor-element elementor-element-063c316 e-flex e-con-boxed e-con e-parent\" data-id=\"063c316\" data-element_type=\"container\" data-settings=\"{&quot;ekit_has_onepagescroll_dot&quot;:&quot;yes&quot;}\">\n\t\t\t\t\t<div class=\"e-con-inner\">\n\t\t\t\t<div class=\"elementor-element elementor-element-e05d75d elementor-widget elementor-widget-heading\" data-id=\"e05d75d\" data-element_type=\"widget\" data-settings=\"{&quot;ekit_we_effect_on&quot;:&quot;none&quot;}\" data-widget_type=\"heading.default\">\n\t\t\t\t<div class=\"elementor-widget-container\">\n\t\t\t\t\t<h1 class=\"elementor-heading-title elementor-size-default\">Highlanding Travel&#039;s Commitment to the ESNNA Code of Conduct<\/h1>\t\t\t\t<\/div>\n\t\t\t\t<\/div>\n\t\t\t\t<div class=\"elementor-element elementor-element-2c00669 elementor-widget elementor-widget-text-editor\" data-id=\"2c00669\" data-element_type=\"widget\" data-settings=\"{&quot;ekit_we_effect_on&quot;:&quot;none&quot;}\" data-widget_type=\"text-editor.default\">\n\t\t\t\t<div class=\"elementor-widget-container\">\n\t\t\t\t\t\t\t\t\t<p>In <strong>HIGHLANDING TRAVEL<\/strong>, we recognize the importance of protecting the rights of children and adolescents. Therefore, we adhere to the <strong data-start=\"142\" data-end=\"232\">Code of Conduct against the Sexual Exploitation of Girls, Boys and Adolescents (ESNNA)<\/strong>, promoted by MINCETUR, reaffirming our commitment to responsible and ethical tourism.<\/p>\t\t\t\t\t\t\t\t<\/div>\n\t\t\t\t<\/div>\n\t\t\t\t\t<\/div>\n\t\t\t\t<\/div>\n\t\t<div data-particle_enable=\"false\" data-particle-mobile-disabled=\"false\" class=\"elementor-element elementor-element-c457354 e-flex e-con-boxed e-con e-parent\" data-id=\"c457354\" data-element_type=\"container\" data-settings=\"{&quot;ekit_has_onepagescroll_dot&quot;:&quot;yes&quot;}\">\n\t\t\t\t\t<div class=\"e-con-inner\">\n\t\t<div data-particle_enable=\"false\" data-particle-mobile-disabled=\"false\" class=\"elementor-element elementor-element-46bc4c6 e-con-full e-flex e-con e-child\" data-id=\"46bc4c6\" data-element_type=\"container\" data-settings=\"{&quot;ekit_has_onepagescroll_dot&quot;:&quot;yes&quot;}\">\n\t\t\t\t<div class=\"elementor-element elementor-element-29ad201 elementor-widget elementor-widget-heading\" data-id=\"29ad201\" data-element_type=\"widget\" data-settings=\"{&quot;ekit_we_effect_on&quot;:&quot;none&quot;}\" data-widget_type=\"heading.default\">\n\t\t\t\t<div class=\"elementor-widget-container\">\n\t\t\t\t\t<h2 class=\"elementor-heading-title elementor-size-default\">What is the ESNNA Code?<\/h2>\t\t\t\t<\/div>\n\t\t\t\t<\/div>\n\t\t\t\t<div class=\"elementor-element elementor-element-d4a4fdd elementor-widget elementor-widget-text-editor\" data-id=\"d4a4fdd\" data-element_type=\"widget\" data-settings=\"{&quot;ekit_we_effect_on&quot;:&quot;none&quot;}\" data-widget_type=\"text-editor.default\">\n\t\t\t\t<div class=\"elementor-widget-container\">\n\t\t\t\t\t\t\t\t\t<p>The ESNNA Code is a MINCETUR initiative that seeks to prevent and eradicate the sexual exploitation of minors in the tourism sector. This code establishes guidelines and commitments that tourism service providers must adopt to ensure the protection of minors and promote a safe environment in all tourism activities.<\/p>\t\t\t\t\t\t\t\t<\/div>\n\t\t\t\t<\/div>\n\t\t\t\t<div class=\"elementor-element elementor-element-735c03a elementor-widget elementor-widget-heading\" data-id=\"735c03a\" data-element_type=\"widget\" data-settings=\"{&quot;ekit_we_effect_on&quot;:&quot;none&quot;}\" data-widget_type=\"heading.default\">\n\t\t\t\t<div class=\"elementor-widget-container\">\n\t\t\t\t\t<h2 class=\"elementor-heading-title elementor-size-default\">Our Commitments<\/h2>\t\t\t\t<\/div>\n\t\t\t\t<\/div>\n\t\t\t\t<div class=\"elementor-element elementor-element-4ca9aa1 elementor-widget elementor-widget-text-editor\" data-id=\"4ca9aa1\" data-element_type=\"widget\" data-settings=\"{&quot;ekit_we_effect_on&quot;:&quot;none&quot;}\" data-widget_type=\"text-editor.default\">\n\t\t\t\t<div class=\"elementor-widget-container\">\n\t\t\t\t\t\t\t\t\t<p data-start=\"373\" data-end=\"451\"><span class=\"relative -mx-px my-[-0.2rem] rounded px-px py-[0.2rem] transition-colors duration-100 ease-in-out\">As a travel agency, we are committed to:<\/span><\/p><ul data-start=\"453\" data-end=\"701\"><li data-start=\"453\" data-end=\"494\"><p data-start=\"455\" data-end=\"494\"><span class=\"relative -mx-px my-[-0.2rem] rounded px-px py-[0.2rem] transition-colors duration-100 ease-in-out\"><strong data-start=\"0\" data-end=\"44\" data-is-only-node=\"\">Maintain a zero tolerance policy<\/strong> against any form of sexual exploitation of minors.<\/span><\/p><\/li><li data-start=\"495\" data-end=\"536\"><p data-start=\"497\" data-end=\"536\"><span class=\"relative -mx-px my-[-0.2rem] rounded px-px py-[0.2rem] transition-colors duration-100 ease-in-out\"><strong data-start=\"0\" data-end=\"32\" data-is-only-node=\"\">Train our staff<\/strong> to identify and prevent risk situations.<\/span><\/p><\/li><li data-start=\"537\" data-end=\"578\"><p data-start=\"539\" data-end=\"578\"><span class=\"relative -mx-px my-[-0.2rem] rounded px-px py-[0.2rem] transition-colors duration-100 ease-in-out\"><strong data-start=\"0\" data-end=\"32\" data-is-only-node=\"\">Inform our customers<\/strong> on laws and sanctions related to ESNNA.<\/span><\/p><\/li><li data-start=\"579\" data-end=\"620\"><p data-start=\"581\" data-end=\"620\"><span class=\"relative -mx-px my-[-0.2rem] rounded px-px py-[0.2rem] transition-colors duration-100 ease-in-out\"><strong data-start=\"0\" data-end=\"33\" data-is-only-node=\"\">Collaborate with the authorities<\/strong> in the reporting and prevention of cases of sexual exploitation.<\/span><\/p><\/li><li data-start=\"621\" data-end=\"701\"><p data-start=\"623\" data-end=\"701\"><span class=\"relative -mx-px my-[-0.2rem] rounded px-px py-[0.2rem] transition-colors duration-100 ease-in-out\"><strong data-start=\"0\" data-end=\"34\" data-is-only-node=\"\">Disseminate the Code of Conduct<\/strong> in all our communication channels<\/span><\/p><\/li><\/ul>\t\t\t\t\t\t\t\t<\/div>\n\t\t\t\t<\/div>\n\t\t\t\t<div class=\"elementor-element elementor-element-7f28508 elementor-position-right elementor-vertical-align-middle elementor-view-default elementor-mobile-position-top elementor-widget elementor-widget-icon-box\" data-id=\"7f28508\" data-element_type=\"widget\" data-settings=\"{&quot;ekit_we_effect_on&quot;:&quot;none&quot;}\" data-widget_type=\"icon-box.default\">\n\t\t\t\t<div class=\"elementor-widget-container\">\n\t\t\t\t\t\t\t<div class=\"elementor-icon-box-wrapper\">\n\n\t\t\t\t\t\t<div class=\"elementor-icon-box-icon\">\n\t\t\t\t<a href=\"https:\/\/highlandingtravel.com\/wp-content\/uploads\/2025\/05\/RM_430-2018-MINCETUR.pdf\" class=\"elementor-icon\" tabindex=\"-1\" aria-label=\"Download the ESNNA Code of Conduct\">\n\t\t\t\t<i aria-hidden=\"true\" class=\"icon icon-download\"><\/i>\t\t\t\t<\/a>\n\t\t\t<\/div>\n\t\t\t\n\t\t\t\t\t\t<div class=\"elementor-icon-box-content\">\n\n\t\t\t\t\t\t\t\t\t<h3 class=\"elementor-icon-box-title\">\n\t\t\t\t\t\t<a href=\"https:\/\/highlandingtravel.com\/wp-content\/uploads\/2025\/05\/RM_430-2018-MINCETUR.pdf\" >\n\t\t\t\t\t\t\tDownload the ESNNA Code of Conduct\t\t\t\t\t\t<\/a>\n\t\t\t\t\t<\/h3>\n\t\t\t\t\n\t\t\t\t\t\t\t\t\t<p class=\"elementor-icon-box-description\">\n\t\t\t\t\t\tTo learn more about this important document, you can download it here \ud83d\udc49\t\t\t\t\t<\/p>\n\t\t\t\t\n\t\t\t<\/div>\n\t\t\t\n\t\t<\/div>\n\t\t\t\t\t\t<\/div>\n\t\t\t\t<\/div>\n\t\t\t\t<\/div>\n\t\t<div data-particle_enable=\"false\" data-particle-mobile-disabled=\"false\" class=\"elementor-element elementor-element-75d9e0e e-con-full e-flex e-con e-child\" data-id=\"75d9e0e\" data-element_type=\"container\" data-settings=\"{&quot;ekit_has_onepagescroll_dot&quot;:&quot;yes&quot;}\">\n\t\t\t\t<div class=\"elementor-element elementor-element-8583265 elementor-widget elementor-widget-image\" data-id=\"8583265\" data-element_type=\"widget\" data-settings=\"{&quot;ekit_we_effect_on&quot;:&quot;none&quot;}\" data-widget_type=\"image.default\">\n\t\t\t\t<div class=\"elementor-widget-container\">\n\t\t\t\t\t\t\t\t\t\t\t\t\t\t\t<img fetchpriority=\"high\" decoding=\"async\" width=\"724\" height=\"1024\" src=\"https:\/\/highlandingtravel.com\/wp-content\/uploads\/2025\/05\/codigo-esnna-724x1024.jpg\" class=\"attachment-large size-large wp-image-6454\" alt=\"\" srcset=\"https:\/\/highlandingtravel.com\/wp-content\/uploads\/2025\/05\/codigo-esnna-724x1024.jpg 724w, https:\/\/highlandingtravel.com\/wp-content\/uploads\/2025\/05\/codigo-esnna-212x300.jpg 212w, https:\/\/highlandingtravel.com\/wp-content\/uploads\/2025\/05\/codigo-esnna-768x1087.jpg 768w, https:\/\/highlandingtravel.com\/wp-content\/uploads\/2025\/05\/codigo-esnna-1086x1536.jpg 1086w, https:\/\/highlandingtravel.com\/wp-content\/uploads\/2025\/05\/codigo-esnna-1447x2048.jpg 1447w, https:\/\/highlandingtravel.com\/wp-content\/uploads\/2025\/05\/codigo-esnna-8x12.jpg 8w, https:\/\/highlandingtravel.com\/wp-content\/uploads\/2025\/05\/codigo-esnna-600x849.jpg 600w, https:\/\/highlandingtravel.com\/wp-content\/uploads\/2025\/05\/codigo-esnna-scaled.jpg 1809w\" sizes=\"(max-width: 724px) 100vw, 724px\" \/>\t\t\t\t\t\t\t\t\t\t\t\t\t\t\t<\/div>\n\t\t\t\t<\/div>\n\t\t\t\t<\/div>\n\t\t\t\t\t<\/div>\n\t\t\t\t<\/div>\n\t\t\t\t<\/div>","protected":false},"excerpt":{"rendered":"<p>HIGHLANDING TRAVEL&#039;s Commitment to the Code of Conduct against Sexual Exploitation of Children and Adolescents (ESNNA) At HIGHLANDING TRAVEL, we recognize the importance of protecting the rights of children and adolescents. Therefore, we adhere to the Code of Conduct against the Sexual Exploitation of Children and Adolescents (ESNNA), promoted by MINCETUR (Ministry of Tourism), reaffirming our commitment to responsible tourism.<\/p>","protected":false},"author":1,"featured_media":0,"parent":0,"menu_order":0,"comment_status":"closed","ping_status":"closed","template":"","meta":{"_eb_attr":"","_joinchat":[],"footnotes":""},"class_list":["post-6452","page","type-page","status-publish","hentry"],"yoast_head":"<!-- This site is optimized with the Yoast SEO Premium plugin v21.3 (Yoast SEO v26.9) - https:\/\/yoast.com\/product\/yoast-seo-premium-wordpress\/ -->\n<title>Codigo ESNNA - Higlanding Travel<\/title>\n<meta name=\"robots\" content=\"index, follow, max-snippet:-1, max-image-preview:large, max-video-preview:-1\" \/>\n<link rel=\"canonical\" href=\"https:\/\/highlandingtravel.com\/en\/codigo-esnna\/\" \/>\n<meta property=\"og:locale\" content=\"en_US\" \/>\n<meta property=\"og:type\" content=\"article\" \/>\n<meta property=\"og:title\" content=\"Codigo ESNNA\" \/>\n<meta property=\"og:description\" content=\"Compromiso de HIGHLANDING TRAVEL con el C\u00f3digo de Conducta ESNNA En HIGHLANDING TRAVEL, reconocemos la importancia de proteger los derechos de las ni\u00f1as, ni\u00f1os y adolescentes. Por ello, nos adherimos al C\u00f3digo de Conducta contra la Explotaci\u00f3n Sexual de Ni\u00f1as, Ni\u00f1os y Adolescentes (ESNNA), promovido por el MINCETUR, reafirmando nuestro compromiso con un turismo responsable [&hellip;]\" \/>\n<meta property=\"og:url\" content=\"https:\/\/highlandingtravel.com\/en\/codigo-esnna\/\" \/>\n<meta property=\"og:site_name\" content=\"Higlanding Travel\" \/>\n<meta property=\"article:publisher\" content=\"https:\/\/www.facebook.com\/carpiotoursmachupicchu\" \/>\n<meta property=\"article:modified_time\" content=\"2025-05-30T16:55:12+00:00\" \/>\n<meta property=\"og:image\" content=\"https:\/\/highlandingtravel.com\/wp-content\/uploads\/2025\/05\/codigo-esnna-724x1024.jpg\" \/>\n<meta name=\"twitter:card\" content=\"summary_large_image\" \/>\n<meta name=\"twitter:label1\" content=\"Est. reading time\" \/>\n\t<meta name=\"twitter:data1\" content=\"2 minutes\" \/>\n<script type=\"application\/ld+json\" class=\"yoast-schema-graph\">{\"@context\":\"https:\/\/schema.org\",\"@graph\":[{\"@type\":\"WebPage\",\"@id\":\"https:\/\/highlandingtravel.com\/codigo-esnna\/\",\"url\":\"https:\/\/highlandingtravel.com\/codigo-esnna\/\",\"name\":\"Codigo ESNNA - Higlanding Travel\",\"isPartOf\":{\"@id\":\"https:\/\/highlandingtravel.com\/#website\"},\"primaryImageOfPage\":{\"@id\":\"https:\/\/highlandingtravel.com\/codigo-esnna\/#primaryimage\"},\"image\":{\"@id\":\"https:\/\/highlandingtravel.com\/codigo-esnna\/#primaryimage\"},\"thumbnailUrl\":\"https:\/\/highlandingtravel.com\/wp-content\/uploads\/2025\/05\/codigo-esnna-724x1024.jpg\",\"datePublished\":\"2025-05-30T16:15:45+00:00\",\"dateModified\":\"2025-05-30T16:55:12+00:00\",\"breadcrumb\":{\"@id\":\"https:\/\/highlandingtravel.com\/codigo-esnna\/#breadcrumb\"},\"inLanguage\":\"en-US\",\"potentialAction\":[{\"@type\":\"ReadAction\",\"target\":[\"https:\/\/highlandingtravel.com\/codigo-esnna\/\"]}]},{\"@type\":\"ImageObject\",\"inLanguage\":\"en-US\",\"@id\":\"https:\/\/highlandingtravel.com\/codigo-esnna\/#primaryimage\",\"url\":\"https:\/\/highlandingtravel.com\/wp-content\/uploads\/2025\/05\/codigo-esnna-724x1024.jpg\",\"contentUrl\":\"https:\/\/highlandingtravel.com\/wp-content\/uploads\/2025\/05\/codigo-esnna-724x1024.jpg\"},{\"@type\":\"BreadcrumbList\",\"@id\":\"https:\/\/highlandingtravel.com\/codigo-esnna\/#breadcrumb\",\"itemListElement\":[{\"@type\":\"ListItem\",\"position\":1,\"name\":\"Home\",\"item\":\"https:\/\/highlandingtravel.com\/\"},{\"@type\":\"ListItem\",\"position\":2,\"name\":\"Codigo ESNNA\"}]},{\"@type\":\"WebSite\",\"@id\":\"https:\/\/highlandingtravel.com\/#website\",\"url\":\"https:\/\/highlandingtravel.com\/\",\"name\":\"Higlanding Travel\",\"description\":\"\",\"publisher\":{\"@id\":\"https:\/\/highlandingtravel.com\/#organization\"},\"potentialAction\":[{\"@type\":\"SearchAction\",\"target\":{\"@type\":\"EntryPoint\",\"urlTemplate\":\"https:\/\/highlandingtravel.com\/?s={search_term_string}\"},\"query-input\":{\"@type\":\"PropertyValueSpecification\",\"valueRequired\":true,\"valueName\":\"search_term_string\"}}],\"inLanguage\":\"en-US\"},{\"@type\":\"Organization\",\"@id\":\"https:\/\/highlandingtravel.com\/#organization\",\"name\":\"Higlanding Travel\",\"url\":\"https:\/\/highlandingtravel.com\/\",\"logo\":{\"@type\":\"ImageObject\",\"inLanguage\":\"en-US\",\"@id\":\"https:\/\/highlandingtravel.com\/#\/schema\/logo\/image\/\",\"url\":\"\",\"contentUrl\":\"\",\"caption\":\"Higlanding Travel\"},\"image\":{\"@id\":\"https:\/\/highlandingtravel.com\/#\/schema\/logo\/image\/\"},\"sameAs\":[\"https:\/\/www.facebook.com\/carpiotoursmachupicchu\"]}]}<\/script>\n<!-- \/ Yoast SEO Premium plugin. -->","yoast_head_json":{"title":"Codigo ESNNA - Higlanding Travel","robots":{"index":"index","follow":"follow","max-snippet":"max-snippet:-1","max-image-preview":"max-image-preview:large","max-video-preview":"max-video-preview:-1"},"canonical":"https:\/\/highlandingtravel.com\/en\/codigo-esnna\/","og_locale":"en_US","og_type":"article","og_title":"Codigo ESNNA","og_description":"Compromiso de HIGHLANDING TRAVEL con el C\u00f3digo de Conducta ESNNA En HIGHLANDING TRAVEL, reconocemos la importancia de proteger los derechos de las ni\u00f1as, ni\u00f1os y adolescentes. Por ello, nos adherimos al C\u00f3digo de Conducta contra la Explotaci\u00f3n Sexual de Ni\u00f1as, Ni\u00f1os y Adolescentes (ESNNA), promovido por el MINCETUR, reafirmando nuestro compromiso con un turismo responsable [&hellip;]","og_url":"https:\/\/highlandingtravel.com\/en\/codigo-esnna\/","og_site_name":"Higlanding Travel","article_publisher":"https:\/\/www.facebook.com\/carpiotoursmachupicchu","article_modified_time":"2025-05-30T16:55:12+00:00","og_image":[{"url":"https:\/\/highlandingtravel.com\/wp-content\/uploads\/2025\/05\/codigo-esnna-724x1024.jpg","type":"","width":"","height":""}],"twitter_card":"summary_large_image","twitter_misc":{"Est. reading time":"2 minutes"},"schema":{"@context":"https:\/\/schema.org","@graph":[{"@type":"WebPage","@id":"https:\/\/highlandingtravel.com\/codigo-esnna\/","url":"https:\/\/highlandingtravel.com\/codigo-esnna\/","name":"Codigo ESNNA - Higlanding Travel","isPartOf":{"@id":"https:\/\/highlandingtravel.com\/#website"},"primaryImageOfPage":{"@id":"https:\/\/highlandingtravel.com\/codigo-esnna\/#primaryimage"},"image":{"@id":"https:\/\/highlandingtravel.com\/codigo-esnna\/#primaryimage"},"thumbnailUrl":"https:\/\/highlandingtravel.com\/wp-content\/uploads\/2025\/05\/codigo-esnna-724x1024.jpg","datePublished":"2025-05-30T16:15:45+00:00","dateModified":"2025-05-30T16:55:12+00:00","breadcrumb":{"@id":"https:\/\/highlandingtravel.com\/codigo-esnna\/#breadcrumb"},"inLanguage":"en-US","potentialAction":[{"@type":"ReadAction","target":["https:\/\/highlandingtravel.com\/codigo-esnna\/"]}]},{"@type":"ImageObject","inLanguage":"en-US","@id":"https:\/\/highlandingtravel.com\/codigo-esnna\/#primaryimage","url":"https:\/\/highlandingtravel.com\/wp-content\/uploads\/2025\/05\/codigo-esnna-724x1024.jpg","contentUrl":"https:\/\/highlandingtravel.com\/wp-content\/uploads\/2025\/05\/codigo-esnna-724x1024.jpg"},{"@type":"BreadcrumbList","@id":"https:\/\/highlandingtravel.com\/codigo-esnna\/#breadcrumb","itemListElement":[{"@type":"ListItem","position":1,"name":"Home","item":"https:\/\/highlandingtravel.com\/"},{"@type":"ListItem","position":2,"name":"Codigo ESNNA"}]},{"@type":"WebSite","@id":"https:\/\/highlandingtravel.com\/#website","url":"https:\/\/highlandingtravel.com\/","name":"Higlanding Travel","description":"","publisher":{"@id":"https:\/\/highlandingtravel.com\/#organization"},"potentialAction":[{"@type":"SearchAction","target":{"@type":"EntryPoint","urlTemplate":"https:\/\/highlandingtravel.com\/?s={search_term_string}"},"query-input":{"@type":"PropertyValueSpecification","valueRequired":true,"valueName":"search_term_string"}}],"inLanguage":"en-US"},{"@type":"Organization","@id":"https:\/\/highlandingtravel.com\/#organization","name":"Higlanding Travel","url":"https:\/\/highlandingtravel.com\/","logo":{"@type":"ImageObject","inLanguage":"en-US","@id":"https:\/\/highlandingtravel.com\/#\/schema\/logo\/image\/","url":"","contentUrl":"","caption":"Higlanding Travel"},"image":{"@id":"https:\/\/highlandingtravel.com\/#\/schema\/logo\/image\/"},"sameAs":["https:\/\/www.facebook.com\/carpiotoursmachupicchu"]}]}},"_links":{"self":[{"href":"https:\/\/highlandingtravel.com\/en\/wp-json\/wp\/v2\/pages\/6452","targetHints":{"allow":["GET"]}}],"collection":[{"href":"https:\/\/highlandingtravel.com\/en\/wp-json\/wp\/v2\/pages"}],"about":[{"href":"https:\/\/highlandingtravel.com\/en\/wp-json\/wp\/v2\/types\/page"}],"author":[{"embeddable":true,"href":"https:\/\/highlandingtravel.com\/en\/wp-json\/wp\/v2\/users\/1"}],"replies":[{"embeddable":true,"href":"https:\/\/highlandingtravel.com\/en\/wp-json\/wp\/v2\/comments?post=6452"}],"version-history":[{"count":7,"href":"https:\/\/highlandingtravel.com\/en\/wp-json\/wp\/v2\/pages\/6452\/revisions"}],"predecessor-version":[{"id":6461,"href":"https:\/\/highlandingtravel.com\/en\/wp-json\/wp\/v2\/pages\/6452\/revisions\/6461"}],"wp:attachment":[{"href":"https:\/\/highlandingtravel.com\/en\/wp-json\/wp\/v2\/media?parent=6452"}],"curies":[{"name":"wp","href":"https:\/\/api.w.org\/{rel}","templated":true}]}}